{"id":22,"date":"2024-03-13T14:49:17","date_gmt":"2024-03-13T14:49:17","guid":{"rendered":"https:\/\/wordpress-1190786-4386466.cloudwaysapps.com\/?page_id=22"},"modified":"2024-11-08T03:31:30","modified_gmt":"2024-11-08T03:31:30","slug":"about-us","status":"publish","type":"page","link":"https:\/\/boerfunded.com\/es\/about-us\/","title":{"rendered":"Sobre nosotros"},"content":{"rendered":"<div data-elementor-type=\"wp-page\" data-elementor-id=\"22\" class=\"elementor elementor-22\" data-elementor-post-type=\"page\">\n\t\t\t\t<div class=\"elementor-element elementor-element-ce231c1 e-flex e-con-boxed e-con e-parent\" data-id=\"ce231c1\" data-element_type=\"container\" data-e-type=\"container\" data-settings=\"{&quot;jet_parallax_layout_list&quot;:[]}\">\n\t\t\t\t\t<div class=\"e-con-inner\">\n\t\t<div class=\"elementor-element elementor-element-f13f191 e-con-full e-flex e-con e-child\" data-id=\"f13f191\" data-element_type=\"container\" data-e-type=\"container\" data-settings=\"{&quot;jet_parallax_layout_list&quot;:[]}\">\n\t\t\t\t<div class=\"elementor-element elementor-element-ec449a0 elementor-widget elementor-widget-heading\" data-id=\"ec449a0\" data-element_type=\"widget\" data-e-type=\"widget\" data-widget_type=\"heading.default\">\n\t\t\t\t<div class=\"elementor-widget-container\">\n\t\t\t\t\t<h2 class=\"elementor-heading-title elementor-size-default\">C\u00f3mo funciona<\/h2>\t\t\t\t<\/div>\n\t\t\t\t<\/div>\n\t\t\t\t<\/div>\n\t\t\t\t<div class=\"elementor-element elementor-element-a5be6a2 elementor-absolute bg-shapes elementor-widget elementor-widget-image\" data-id=\"a5be6a2\" data-element_type=\"widget\" data-e-type=\"widget\" data-settings=\"{&quot;_position&quot;:&quot;absolute&quot;}\" data-widget_type=\"image.default\">\n\t\t\t\t<div class=\"elementor-widget-container\">\n\t\t\t\t\t\t\t\t\t\t\t\t\t\t\t<img fetchpriority=\"high\" decoding=\"async\" width=\"300\" height=\"268\" src=\"https:\/\/boerfunded.com\/wp-content\/uploads\/2024\/03\/grey-radius-4.svg\" class=\"attachment-full size-full wp-image-755\" alt=\"\" \/>\t\t\t\t\t\t\t\t\t\t\t\t\t\t\t<\/div>\n\t\t\t\t<\/div>\n\t\t\t\t<div class=\"elementor-element elementor-element-8556be1 elementor-absolute bg-shapes elementor-widget elementor-widget-image\" data-id=\"8556be1\" data-element_type=\"widget\" data-e-type=\"widget\" data-settings=\"{&quot;_position&quot;:&quot;absolute&quot;}\" data-widget_type=\"image.default\">\n\t\t\t\t<div class=\"elementor-widget-container\">\n\t\t\t\t\t\t\t\t\t\t\t\t\t\t\t<img decoding=\"async\" width=\"300\" height=\"268\" src=\"https:\/\/boerfunded.com\/wp-content\/uploads\/2024\/03\/red-radius-4.svg\" class=\"attachment-full size-full wp-image-754\" alt=\"\" \/>\t\t\t\t\t\t\t\t\t\t\t\t\t\t\t<\/div>\n\t\t\t\t<\/div>\n\t\t<div class=\"elementor-element elementor-element-21aaaa1 e-con-full e-flex e-con e-child\" data-id=\"21aaaa1\" data-element_type=\"container\" data-e-type=\"container\" data-settings=\"{&quot;jet_parallax_layout_list&quot;:[]}\">\n\t\t<div class=\"elementor-element elementor-element-e57621e e-con-full bg-blur gt-stroke-color e-flex e-con e-child\" data-id=\"e57621e\" data-element_type=\"container\" data-e-type=\"container\" data-settings=\"{&quot;jet_parallax_layout_list&quot;:[],&quot;background_background&quot;:&quot;classic&quot;}\">\n\t\t<div class=\"elementor-element elementor-element-ada0e8d e-flex e-con-boxed e-con e-child\" data-id=\"ada0e8d\" data-element_type=\"container\" data-e-type=\"container\" data-settings=\"{&quot;background_background&quot;:&quot;classic&quot;,&quot;jet_parallax_layout_list&quot;:[]}\">\n\t\t\t\t\t<div class=\"e-con-inner\">\n\t\t\t\t<div class=\"elementor-element elementor-element-82b39b9 elementor-widget elementor-widget-heading\" data-id=\"82b39b9\" data-element_type=\"widget\" data-e-type=\"widget\" data-widget_type=\"heading.default\">\n\t\t\t\t<div class=\"elementor-widget-container\">\n\t\t\t\t\t<h2 class=\"elementor-heading-title elementor-size-default\">01<\/h2>\t\t\t\t<\/div>\n\t\t\t\t<\/div>\n\t\t\t\t\t<\/div>\n\t\t\t\t<\/div>\n\t\t\t\t<div class=\"elementor-element elementor-element-c8941bc elementor-widget elementor-widget-heading\" data-id=\"c8941bc\" data-element_type=\"widget\" data-e-type=\"widget\" data-widget_type=\"heading.default\">\n\t\t\t\t<div class=\"elementor-widget-container\">\n\t\t\t\t\t<h2 class=\"elementor-heading-title elementor-size-default\">La fase 1 del desaf\u00edo<\/h2>\t\t\t\t<\/div>\n\t\t\t\t<\/div>\n\t\t\t\t<div class=\"elementor-element elementor-element-ee63314 elementor-widget elementor-widget-text-editor\" data-id=\"ee63314\" data-element_type=\"widget\" data-e-type=\"widget\" data-widget_type=\"text-editor.default\">\n\t\t\t\t<div class=\"elementor-widget-container\">\n\t\t\t\t\t\t\t\t\t<p>Un desaf\u00edo Boer es el primer paso del proceso de evaluaci\u00f3n. Debes superarlo para avanzar a la etapa de verificaci\u00f3n. Demuestra tus habilidades comerciales y tu disciplina al cumplir con los objetivos comerciales.<\/p>\t\t\t\t\t\t\t\t<\/div>\n\t\t\t\t<\/div>\n\t\t\t\t<\/div>\n\t\t<div class=\"elementor-element elementor-element-a88d451 e-con-full bg-blur  gt-stroke-color e-flex e-con e-child\" data-id=\"a88d451\" data-element_type=\"container\" data-e-type=\"container\" data-settings=\"{&quot;jet_parallax_layout_list&quot;:[],&quot;background_background&quot;:&quot;classic&quot;}\">\n\t\t<div class=\"elementor-element elementor-element-c9ddd51 e-flex e-con-boxed e-con e-child\" data-id=\"c9ddd51\" data-element_type=\"container\" data-e-type=\"container\" data-settings=\"{&quot;background_background&quot;:&quot;classic&quot;,&quot;jet_parallax_layout_list&quot;:[]}\">\n\t\t\t\t\t<div class=\"e-con-inner\">\n\t\t\t\t<div class=\"elementor-element elementor-element-0c4682d elementor-widget elementor-widget-heading\" data-id=\"0c4682d\" data-element_type=\"widget\" data-e-type=\"widget\" data-widget_type=\"heading.default\">\n\t\t\t\t<div class=\"elementor-widget-container\">\n\t\t\t\t\t<h2 class=\"elementor-heading-title elementor-size-default\">02<\/h2>\t\t\t\t<\/div>\n\t\t\t\t<\/div>\n\t\t\t\t\t<\/div>\n\t\t\t\t<\/div>\n\t\t\t\t<div class=\"elementor-element elementor-element-1f9007b elementor-widget elementor-widget-heading\" data-id=\"1f9007b\" data-element_type=\"widget\" data-e-type=\"widget\" data-widget_type=\"heading.default\">\n\t\t\t\t<div class=\"elementor-widget-container\">\n\t\t\t\t\t<h2 class=\"elementor-heading-title elementor-size-default\">Fase de verificaci\u00f3n 2<\/h2>\t\t\t\t<\/div>\n\t\t\t\t<\/div>\n\t\t\t\t<div class=\"elementor-element elementor-element-04f0bc2 elementor-widget elementor-widget-text-editor\" data-id=\"04f0bc2\" data-element_type=\"widget\" data-e-type=\"widget\" data-widget_type=\"text-editor.default\">\n\t\t\t\t<div class=\"elementor-widget-container\">\n\t\t\t\t\t\t\t\t\t<p>La verificaci\u00f3n es el segundo y \u00faltimo paso para convertirse en un comerciante de Boer. Una vez que pase la etapa de verificaci\u00f3n y se verifiquen sus resultados, se le ofrecer\u00e1 operar en una cuenta de Boer.<\/p>\t\t\t\t\t\t\t\t<\/div>\n\t\t\t\t<\/div>\n\t\t\t\t<\/div>\n\t\t<div class=\"elementor-element elementor-element-a2bc297 e-con-full bg-blur  gt-stroke-color e-flex e-con e-child\" data-id=\"a2bc297\" data-element_type=\"container\" data-e-type=\"container\" data-settings=\"{&quot;jet_parallax_layout_list&quot;:[],&quot;background_background&quot;:&quot;classic&quot;}\">\n\t\t<div class=\"elementor-element elementor-element-85ec784 e-flex e-con-boxed e-con e-child\" data-id=\"85ec784\" data-element_type=\"container\" data-e-type=\"container\" data-settings=\"{&quot;background_background&quot;:&quot;classic&quot;,&quot;jet_parallax_layout_list&quot;:[]}\">\n\t\t\t\t\t<div class=\"e-con-inner\">\n\t\t\t\t<div class=\"elementor-element elementor-element-efcb039 elementor-widget elementor-widget-heading\" data-id=\"efcb039\" data-element_type=\"widget\" data-e-type=\"widget\" data-widget_type=\"heading.default\">\n\t\t\t\t<div class=\"elementor-widget-container\">\n\t\t\t\t\t<h2 class=\"elementor-heading-title elementor-size-default\">03<\/h2>\t\t\t\t<\/div>\n\t\t\t\t<\/div>\n\t\t\t\t\t<\/div>\n\t\t\t\t<\/div>\n\t\t\t\t<div class=\"elementor-element elementor-element-741b6e3 elementor-widget elementor-widget-heading\" data-id=\"741b6e3\" data-element_type=\"widget\" data-e-type=\"widget\" data-widget_type=\"heading.default\">\n\t\t\t\t<div class=\"elementor-widget-container\">\n\t\t\t\t\t<h2 class=\"elementor-heading-title elementor-size-default\">Comerciante financiado por los b\u00f3ers<\/h2>\t\t\t\t<\/div>\n\t\t\t\t<\/div>\n\t\t\t\t<div class=\"elementor-element elementor-element-a85a7a6 elementor-widget elementor-widget-text-editor\" data-id=\"a85a7a6\" data-element_type=\"widget\" data-e-type=\"widget\" data-widget_type=\"text-editor.default\">\n\t\t\t\t<div class=\"elementor-widget-container\">\n\t\t\t\t\t\t\t\t\t<p>Con una cuenta Boer, te convertir\u00e1s en un trader de Boer. Opere de manera responsable y constante y reciba hasta 95% de sus ganancias. Si genera ganancias de manera constante en su cuenta Boer, podemos escalar su cuenta de acuerdo con nuestro plan de escalamiento.<\/p>\t\t\t\t\t\t\t\t<\/div>\n\t\t\t\t<\/div>\n\t\t\t\t<\/div>\n\t\t\t\t<\/div>\n\t\t\t\t\t<\/div>\n\t\t\t\t<\/div>\n\t\t<div class=\"elementor-element elementor-element-91ae969 e-flex e-con-boxed e-con e-parent\" data-id=\"91ae969\" data-element_type=\"container\" data-e-type=\"container\" data-settings=\"{&quot;jet_parallax_layout_list&quot;:[]}\">\n\t\t\t\t\t<div class=\"e-con-inner\">\n\t\t<div class=\"elementor-element elementor-element-b1f7aa4 bg-blur  gt-stroke-color e-flex e-con-boxed e-con e-child\" data-id=\"b1f7aa4\" data-element_type=\"container\" data-e-type=\"container\" data-settings=\"{&quot;background_background&quot;:&quot;classic&quot;,&quot;jet_parallax_layout_list&quot;:[]}\">\n\t\t\t\t\t<div class=\"e-con-inner\">\n\t\t\t\t<div class=\"elementor-element elementor-element-8974899 elementor-absolute bg-shapes elementor-widget elementor-widget-image\" data-id=\"8974899\" data-element_type=\"widget\" data-e-type=\"widget\" data-settings=\"{&quot;_position&quot;:&quot;absolute&quot;}\" data-widget_type=\"image.default\">\n\t\t\t\t<div class=\"elementor-widget-container\">\n\t\t\t\t\t\t\t\t\t\t\t\t\t\t\t<img decoding=\"async\" width=\"300\" height=\"268\" src=\"https:\/\/boerfunded.com\/wp-content\/uploads\/2024\/03\/red-radius-4.svg\" class=\"attachment-large size-large wp-image-754\" alt=\"\" \/>\t\t\t\t\t\t\t\t\t\t\t\t\t\t\t<\/div>\n\t\t\t\t<\/div>\n\t\t<div class=\"elementor-element elementor-element-411cb3e e-con-full e-flex e-con e-child\" data-id=\"411cb3e\" data-element_type=\"container\" data-e-type=\"container\" data-settings=\"{&quot;jet_parallax_layout_list&quot;:[]}\">\n\t\t\t\t<div class=\"elementor-element elementor-element-0fb0550 elementor-widget elementor-widget-heading\" data-id=\"0fb0550\" data-element_type=\"widget\" data-e-type=\"widget\" data-widget_type=\"heading.default\">\n\t\t\t\t<div class=\"elementor-widget-container\">\n\t\t\t\t\t<h2 class=\"elementor-heading-title elementor-size-default\">El\n<span class='text-brand-primary'>Misi\u00f3n<\/span><\/h2>\t\t\t\t<\/div>\n\t\t\t\t<\/div>\n\t\t\t\t<div class=\"elementor-element elementor-element-71f9fe5 elementor-widget elementor-widget-text-editor\" data-id=\"71f9fe5\" data-element_type=\"widget\" data-e-type=\"widget\" data-widget_type=\"text-editor.default\">\n\t\t\t\t<div class=\"elementor-widget-container\">\n\t\t\t\t\t\t\t\t\t<p>Nos comprometemos a establecer un entorno comercial simulado transparente y sostenible, que permita tanto a los traders aspirantes como a los experimentados alcanzar sus objetivos. <br \/><br \/>Para comenzar su viaje con nosotros, hemos introducido un modelo de inscripci\u00f3n basado en tarifas. Los traders interesados en unirse a BoerFunded participan en un desaf\u00edo, mostrando sus habilidades y potencial para el \u00e9xito. A trav\u00e9s de las tarifas del desaf\u00edo, seleccionamos e incorporamos meticulosamente a los traders que han demostrado sus habilidades, minimizando los riesgos para ambas partes. <br \/><br \/>En BoerFunded, ofrecemos un sistema de recompensas integral para los traders dentro de una experiencia de trading gamificada, brind\u00e1ndoles la oportunidad de aprender, disfrutar y ganar recompensas a lo largo de su recorrido de trading. Nuestros valores fundamentales incluyen la transparencia, la innovaci\u00f3n y la creaci\u00f3n de una comunidad de usuarios que comparten la misma pasi\u00f3n. En consonancia con esto, BoerFunded ofrece contenido educativo interno para garantizar que cada usuario tenga la oportunidad de sobresalir.<\/p>\t\t\t\t\t\t\t\t<\/div>\n\t\t\t\t<\/div>\n\t\t\t\t<\/div>\n\t\t<div class=\"elementor-element elementor-element-db59c0a e-con-full e-flex e-con e-child\" data-id=\"db59c0a\" data-element_type=\"container\" data-e-type=\"container\" data-settings=\"{&quot;jet_parallax_layout_list&quot;:[]}\">\n\t\t\t\t<div class=\"elementor-element elementor-element-9732bb2 elementor-widget elementor-widget-image\" data-id=\"9732bb2\" data-element_type=\"widget\" data-e-type=\"widget\" data-widget_type=\"image.default\">\n\t\t\t\t<div class=\"elementor-widget-container\">\n\t\t\t\t\t\t\t\t\t\t\t\t\t\t\t<img loading=\"lazy\" decoding=\"async\" width=\"300\" height=\"309\" src=\"https:\/\/boerfunded.com\/wp-content\/uploads\/2024\/03\/mission-1.png\" class=\"attachment-large size-large wp-image-668\" alt=\"\" srcset=\"https:\/\/boerfunded.com\/wp-content\/uploads\/2024\/03\/mission-1.png 300w, https:\/\/boerfunded.com\/wp-content\/uploads\/2024\/03\/mission-1-291x300.png 291w\" sizes=\"(max-width: 300px) 100vw, 300px\" \/>\t\t\t\t\t\t\t\t\t\t\t\t\t\t\t<\/div>\n\t\t\t\t<\/div>\n\t\t\t\t<\/div>\n\t\t\t\t\t<\/div>\n\t\t\t\t<\/div>\n\t\t<div class=\"elementor-element elementor-element-47914fa bg-blur  gt-stroke-color e-flex e-con-boxed e-con e-child\" data-id=\"47914fa\" data-element_type=\"container\" data-e-type=\"container\" data-settings=\"{&quot;background_background&quot;:&quot;classic&quot;,&quot;jet_parallax_layout_list&quot;:[]}\">\n\t\t\t\t\t<div class=\"e-con-inner\">\n\t\t<div class=\"elementor-element elementor-element-5b4d491 e-con-full e-flex e-con e-child\" data-id=\"5b4d491\" data-element_type=\"container\" data-e-type=\"container\" data-settings=\"{&quot;jet_parallax_layout_list&quot;:[]}\">\n\t\t\t\t<div class=\"elementor-element elementor-element-f72c0cf elementor-widget elementor-widget-image\" data-id=\"f72c0cf\" data-element_type=\"widget\" data-e-type=\"widget\" data-widget_type=\"image.default\">\n\t\t\t\t<div class=\"elementor-widget-container\">\n\t\t\t\t\t\t\t\t\t\t\t\t\t\t\t<img loading=\"lazy\" decoding=\"async\" width=\"302\" height=\"292\" src=\"https:\/\/boerfunded.com\/wp-content\/uploads\/2024\/03\/34525934_514.png\" class=\"attachment-large size-large wp-image-681\" alt=\"\" srcset=\"https:\/\/boerfunded.com\/wp-content\/uploads\/2024\/03\/34525934_514.png 302w, https:\/\/boerfunded.com\/wp-content\/uploads\/2024\/03\/34525934_514-300x290.png 300w\" sizes=\"(max-width: 302px) 100vw, 302px\" \/>\t\t\t\t\t\t\t\t\t\t\t\t\t\t\t<\/div>\n\t\t\t\t<\/div>\n\t\t\t\t<\/div>\n\t\t<div class=\"elementor-element elementor-element-7de1ad7 e-con-full e-flex e-con e-child\" data-id=\"7de1ad7\" data-element_type=\"container\" data-e-type=\"container\" data-settings=\"{&quot;jet_parallax_layout_list&quot;:[]}\">\n\t\t\t\t<div class=\"elementor-element elementor-element-03528e7 elementor-widget elementor-widget-heading\" data-id=\"03528e7\" data-element_type=\"widget\" data-e-type=\"widget\" data-widget_type=\"heading.default\">\n\t\t\t\t<div class=\"elementor-widget-container\">\n\t\t\t\t\t<h2 class=\"elementor-heading-title elementor-size-default\">El\n<span class='text-brand-primary'>Visi\u00f3n<\/span><\/h2>\t\t\t\t<\/div>\n\t\t\t\t<\/div>\n\t\t\t\t<div class=\"elementor-element elementor-element-d13e435 elementor-widget elementor-widget-text-editor\" data-id=\"d13e435\" data-element_type=\"widget\" data-e-type=\"widget\" data-widget_type=\"text-editor.default\">\n\t\t\t\t<div class=\"elementor-widget-container\">\n\t\t\t\t\t\t\t\t\t<p>Bienvenido a BoerFunded, \u00a1donde los sue\u00f1os de trading se hacen realidad! Nuestra visi\u00f3n es fomentar un ecosistema de trading din\u00e1mico y transparente que satisfaga las aspiraciones tanto de los traders novatos como de los experimentados. <br \/><br \/>En BoerFunded, creemos en empoderar a las personas para que logren sus objetivos financieros a trav\u00e9s de un entorno de operaciones simuladas sostenible. Nuestro compromiso con la transparencia y la innovaci\u00f3n constituye la base de nuestra comunidad y crea un espacio donde los operadores pueden prosperar. <br \/><br \/>\u00danase a nosotros en BoerFunded y explore un mundo donde sus aspiraciones de trading encuentran el apoyo que merecen. Vamos m\u00e1s all\u00e1 del trading: cultivamos un entorno donde cada usuario tiene las herramientas y oportunidades para sobresalir. Bienvenido a una comunidad donde sus sue\u00f1os de trading no solo se imaginan, sino que se hacen realidad.<\/p>\t\t\t\t\t\t\t\t<\/div>\n\t\t\t\t<\/div>\n\t\t\t\t<\/div>\n\t\t\t\t\t<\/div>\n\t\t\t\t<\/div>\n\t\t<div class=\"elementor-element elementor-element-a425543 bg-blur  gt-stroke-color e-flex e-con-boxed e-con e-child\" data-id=\"a425543\" data-element_type=\"container\" data-e-type=\"container\" data-settings=\"{&quot;background_background&quot;:&quot;classic&quot;,&quot;jet_parallax_layout_list&quot;:[]}\">\n\t\t\t\t\t<div class=\"e-con-inner\">\n\t\t\t\t<div class=\"elementor-element elementor-element-36e31ea elementor-absolute bg-shapes elementor-widget elementor-widget-image\" data-id=\"36e31ea\" data-element_type=\"widget\" data-e-type=\"widget\" data-settings=\"{&quot;_position&quot;:&quot;absolute&quot;}\" data-widget_type=\"image.default\">\n\t\t\t\t<div class=\"elementor-widget-container\">\n\t\t\t\t\t\t\t\t\t\t\t\t\t\t\t<img loading=\"lazy\" decoding=\"async\" width=\"300\" height=\"268\" src=\"https:\/\/boerfunded.com\/wp-content\/uploads\/2024\/03\/grey-radius-4.svg\" class=\"attachment-large size-large wp-image-755\" alt=\"\" \/>\t\t\t\t\t\t\t\t\t\t\t\t\t\t\t<\/div>\n\t\t\t\t<\/div>\n\t\t<div class=\"elementor-element elementor-element-30063e1 e-con-full e-flex e-con e-child\" data-id=\"30063e1\" data-element_type=\"container\" data-e-type=\"container\" data-settings=\"{&quot;jet_parallax_layout_list&quot;:[]}\">\n\t\t\t\t<div class=\"elementor-element elementor-element-c3efdaa elementor-widget elementor-widget-heading\" data-id=\"c3efdaa\" data-element_type=\"widget\" data-e-type=\"widget\" data-widget_type=\"heading.default\">\n\t\t\t\t<div class=\"elementor-widget-container\">\n\t\t\t\t\t<h2 class=\"elementor-heading-title elementor-size-default\">El\n<span class='text-brand-primary'>Programa<\/span><\/h2>\t\t\t\t<\/div>\n\t\t\t\t<\/div>\n\t\t\t\t<div class=\"elementor-element elementor-element-1e7de9d elementor-widget elementor-widget-text-editor\" data-id=\"1e7de9d\" data-element_type=\"widget\" data-e-type=\"widget\" data-widget_type=\"text-editor.default\">\n\t\t\t\t<div class=\"elementor-widget-container\">\n\t\t\t\t\t\t\t\t\t<p>Unirse a BoerFunded significa m\u00e1s que simplemente afiliarse a una firma de inversi\u00f3n propia; es su clave para administrar de manera efectiva fondos reales significativos, con el potencial de supervisar hasta $200,000. Diga adi\u00f3s a las limitaciones de tiempo y las reglas intrincadas: en BoerFunded, \u00a1ofrecemos a los traders una libertad inigualable y una gran cantidad de oportunidades! Mejore su experiencia de trading al elegir a BoerFunded como su firma de inversi\u00f3n propia de primer nivel.<\/p>\t\t\t\t\t\t\t\t<\/div>\n\t\t\t\t<\/div>\n\t\t\t\t<\/div>\n\t\t<div class=\"elementor-element elementor-element-c361803 e-con-full e-flex e-con e-child\" data-id=\"c361803\" data-element_type=\"container\" data-e-type=\"container\" data-settings=\"{&quot;jet_parallax_layout_list&quot;:[]}\">\n\t\t\t\t<div class=\"elementor-element elementor-element-e1fd487 elementor-widget elementor-widget-image\" data-id=\"e1fd487\" data-element_type=\"widget\" data-e-type=\"widget\" data-widget_type=\"image.default\">\n\t\t\t\t<div class=\"elementor-widget-container\">\n\t\t\t\t\t\t\t\t\t\t\t\t\t\t\t<img loading=\"lazy\" decoding=\"async\" width=\"300\" height=\"249\" src=\"https:\/\/boerfunded.com\/wp-content\/uploads\/2024\/03\/69988469_53.png\" class=\"attachment-large size-large wp-image-682\" alt=\"\" \/>\t\t\t\t\t\t\t\t\t\t\t\t\t\t\t<\/div>\n\t\t\t\t<\/div>\n\t\t\t\t<\/div>\n\t\t\t\t\t<\/div>\n\t\t\t\t<\/div>\n\t\t\t\t\t<\/div>\n\t\t\t\t<\/div>\n\t\t\t\t<\/div>","protected":false},"excerpt":{"rendered":"<p>How It Woks 01 The Challenge Phase 1 An Boer Challenge is the first step of the Evaluation Process. You need to succeed here to advance into the Verification stage. Prove your trading skills and discipline in observing the Trading Objectives. 02 Verification phase 2 A Verification is the second and the last step towards [&hellip;]<\/p>","protected":false},"author":4,"featured_media":0,"parent":0,"menu_order":0,"comment_status":"closed","ping_status":"closed","template":"elementor_header_footer","meta":{"om_disable_all_campaigns":false,"_monsterinsights_skip_tracking":false,"_monsterinsights_sitenote_active":false,"_monsterinsights_sitenote_note":"","_monsterinsights_sitenote_category":0,"footnotes":""},"class_list":["post-22","page","type-page","status-publish","hentry"],"jetpack_sharing_enabled":true,"_links":{"self":[{"href":"https:\/\/boerfunded.com\/es\/wp-json\/wp\/v2\/pages\/22","targetHints":{"allow":["GET"]}}],"collection":[{"href":"https:\/\/boerfunded.com\/es\/wp-json\/wp\/v2\/pages"}],"about":[{"href":"https:\/\/boerfunded.com\/es\/wp-json\/wp\/v2\/types\/page"}],"author":[{"embeddable":true,"href":"https:\/\/boerfunded.com\/es\/wp-json\/wp\/v2\/users\/4"}],"replies":[{"embeddable":true,"href":"https:\/\/boerfunded.com\/es\/wp-json\/wp\/v2\/comments?post=22"}],"version-history":[{"count":49,"href":"https:\/\/boerfunded.com\/es\/wp-json\/wp\/v2\/pages\/22\/revisions"}],"predecessor-version":[{"id":2052,"href":"https:\/\/boerfunded.com\/es\/wp-json\/wp\/v2\/pages\/22\/revisions\/2052"}],"wp:attachment":[{"href":"https:\/\/boerfunded.com\/es\/wp-json\/wp\/v2\/media?parent=22"}],"curies":[{"name":"wp","href":"https:\/\/api.w.org\/{rel}","templated":true}]}}