{"id":1840,"date":"2024-10-09T14:42:02","date_gmt":"2024-10-09T14:42:02","guid":{"rendered":"https:\/\/boerfunded.com\/?page_id=1840"},"modified":"2024-10-09T14:42:45","modified_gmt":"2024-10-09T14:42:45","slug":"risk-disclosure","status":"publish","type":"page","link":"https:\/\/boerfunded.com\/fr\/risk-disclosure\/","title":{"rendered":"Divulgation des risques"},"content":{"rendered":"<div data-elementor-type=\"wp-page\" data-elementor-id=\"1840\" class=\"elementor elementor-1840\" data-elementor-post-type=\"page\">\n\t\t\t\t<div class=\"elementor-element elementor-element-e08de37 e-flex e-con-boxed e-con e-parent\" data-id=\"e08de37\" data-element_type=\"container\" data-e-type=\"container\" data-settings=\"{&quot;jet_parallax_layout_list&quot;:[]}\">\n\t\t\t\t\t<div class=\"e-con-inner\">\n\t\t<div class=\"elementor-element elementor-element-aa52cb9 e-con-full e-flex e-con e-child\" data-id=\"aa52cb9\" data-element_type=\"container\" data-e-type=\"container\" data-settings=\"{&quot;jet_parallax_layout_list&quot;:[]}\">\n\t\t\t\t<div class=\"elementor-element elementor-element-4b09f80 elementor-widget elementor-widget-heading\" data-id=\"4b09f80\" data-element_type=\"widget\" data-e-type=\"widget\" data-widget_type=\"heading.default\">\n\t\t\t\t<div class=\"elementor-widget-container\">\n\t\t\t\t\t<h2 class=\"elementor-heading-title elementor-size-default\">Divulgation des risques<\/h2>\t\t\t\t<\/div>\n\t\t\t\t<\/div>\n\t\t\t\t<\/div>\n\t\t\t\t<div class=\"elementor-element elementor-element-a94fdc9 elementor-absolute bg-shapes elementor-widget elementor-widget-image\" data-id=\"a94fdc9\" data-element_type=\"widget\" data-e-type=\"widget\" data-settings=\"{&quot;_position&quot;:&quot;absolute&quot;}\" data-widget_type=\"image.default\">\n\t\t\t\t<div class=\"elementor-widget-container\">\n\t\t\t\t\t\t\t\t\t\t\t\t\t\t\t<img fetchpriority=\"high\" decoding=\"async\" width=\"300\" height=\"268\" src=\"https:\/\/boerfunded.com\/wp-content\/uploads\/2024\/03\/grey-radius-4.svg\" class=\"attachment-full size-full wp-image-755\" alt=\"\" \/>\t\t\t\t\t\t\t\t\t\t\t\t\t\t\t<\/div>\n\t\t\t\t<\/div>\n\t\t\t\t<div class=\"elementor-element elementor-element-4d26e69 elementor-absolute bg-shapes elementor-widget elementor-widget-image\" data-id=\"4d26e69\" data-element_type=\"widget\" data-e-type=\"widget\" data-settings=\"{&quot;_position&quot;:&quot;absolute&quot;}\" data-widget_type=\"image.default\">\n\t\t\t\t<div class=\"elementor-widget-container\">\n\t\t\t\t\t\t\t\t\t\t\t\t\t\t\t<img decoding=\"async\" width=\"300\" height=\"268\" src=\"https:\/\/boerfunded.com\/wp-content\/uploads\/2024\/03\/red-radius-4.svg\" class=\"attachment-full size-full wp-image-754\" alt=\"\" \/>\t\t\t\t\t\t\t\t\t\t\t\t\t\t\t<\/div>\n\t\t\t\t<\/div>\n\t\t\t\t\t<\/div>\n\t\t\t\t<\/div>\n\t\t<div class=\"elementor-element elementor-element-37c3fba e-flex e-con-boxed e-con e-parent\" data-id=\"37c3fba\" data-element_type=\"container\" data-e-type=\"container\" data-settings=\"{&quot;jet_parallax_layout_list&quot;:[]}\">\n\t\t\t\t\t<div class=\"e-con-inner\">\n\t\t\t\t<div class=\"elementor-element elementor-element-316d70b elementor-absolute bg-shapes elementor-widget elementor-widget-image\" data-id=\"316d70b\" data-element_type=\"widget\" data-e-type=\"widget\" data-settings=\"{&quot;_position&quot;:&quot;absolute&quot;}\" data-widget_type=\"image.default\">\n\t\t\t\t<div class=\"elementor-widget-container\">\n\t\t\t\t\t\t\t\t\t\t\t\t\t\t\t<img decoding=\"async\" width=\"300\" height=\"268\" src=\"https:\/\/boerfunded.com\/wp-content\/uploads\/2024\/03\/red-radius-4.svg\" class=\"attachment-large size-large wp-image-754\" alt=\"\" \/>\t\t\t\t\t\t\t\t\t\t\t\t\t\t\t<\/div>\n\t\t\t\t<\/div>\n\t\t\t\t<div class=\"elementor-element elementor-element-073356f elementor-widget elementor-widget-text-editor\" data-id=\"073356f\" data-element_type=\"widget\" data-e-type=\"widget\" data-widget_type=\"text-editor.default\">\n\t\t\t\t<div class=\"elementor-widget-container\">\n\t\t\t\t\t\t\t\t\t<p>Cet accord, ci-apr\u00e8s d\u00e9nomm\u00e9 \u00ab Divulgation des risques \u00bb, \u00e9tablit l\u2019entente entre BoerFunded LLC et notre estim\u00e9 client.<br \/><br \/>D\u00e9tails de BoerFunded LLC :<br \/><br \/>BoerFunded LLC, reconnue sous le nom de \u00ab BoerFunded LLC \u00bb, est officiellement enregistr\u00e9e aupr\u00e8s du D\u00e9partement d&#039;\u00c9tat du Delaware sous le num\u00e9ro d&#039;enregistrement SR 20233790751 - Num\u00e9ro de dossier 2523132, situ\u00e9e au 8 The Green STE A Dover, DE 19901.<br \/><br \/>Avertissement de risque pour les clients potentiels\u00a0:<br \/><br \/>Il est vivement recommand\u00e9 aux clients potentiels de lire attentivement les avertissements sur les risques suivants. Notre objectif est de fournir un aper\u00e7u complet des risques associ\u00e9s aux instruments financiers, en garantissant une repr\u00e9sentation transparente et impartiale.<br \/>Les clients doivent s\u2019abstenir de participer \u00e0 toute activit\u00e9 de trading \u00e0 moins qu\u2019ils ne poss\u00e8dent une compr\u00e9hension compl\u00e8te des risques associ\u00e9s \u00e0 chaque instrument financier.<br \/>La r\u00e8gle fondamentale est d\u2019\u00e9viter de risquer plus que ce que l\u2019on est pr\u00eat \u00e0 perdre.<br \/>BoerFunded LLC s&#039;abstient d&#039;offrir des conseils d&#039;investissement, des recommandations ou des transactions sur des investissements ou des instruments financiers.<br \/>Les clients sont invit\u00e9s \u00e0 \u00e9valuer la pertinence des instruments financiers en fonction de leur situation financi\u00e8re et de leurs objectifs avant d&#039;ouvrir un compte aupr\u00e8s de BoerFunded LLC.<br \/>En cas d\u2019incertitude concernant les risques li\u00e9s \u00e0 la n\u00e9gociation d\u2019instruments financiers, les clients doivent demander conseil \u00e0 un conseiller financier ind\u00e9pendant.<br \/>L&#039;achat et la vente d&#039;instruments financiers comportent un risque important de pertes et de dommages. Il incombe aux clients de comprendre les fluctuations potentielles de la valeur de l&#039;investissement, qui peuvent entra\u00eener un montant sup\u00e9rieur au capital initialement investi.<br \/><br \/>Reconnaissance des risques techniques :<br \/><br \/>Aper\u00e7u des risques techniques :<br \/>Le client assume la responsabilit\u00e9 des risques financiers r\u00e9sultant des d\u00e9faillances des syst\u00e8mes d\u2019information, de communication, \u00e9lectroniques et autres syst\u00e8mes connexes.<br \/>Les risques incluent une d\u00e9faillance mat\u00e9rielle ou logicielle, un dysfonctionnement ou une mauvaise utilisation.<br \/>Mauvaise connexion Internet du c\u00f4t\u00e9 du client ou de l&#039;entreprise, interruptions, coupures de transmission, pannes du r\u00e9seau \u00e9lectrique public, attaques de pirates informatiques ou surcharge de connexion.<br \/>Param\u00e8tres incorrects dans le terminal client.<br \/>Mises \u00e0 jour retard\u00e9es du terminal client.<br \/>Non-respect des r\u00e8gles d\u00e9crites dans le guide d&#039;utilisation du Terminal Client et sur le site Internet de la Soci\u00e9t\u00e9.<br \/>Le client reconna\u00eet qu\u2019en p\u00e9riode de flux de transactions excessif, la connexion par t\u00e9l\u00e9phone avec un courtier, en particulier dans un march\u00e9 rapide, peut poser des difficult\u00e9s.<br \/>\u2028<br \/>Conditions anormales du march\u00e9 :<br \/>Le client reconna\u00eet que dans des Conditions de March\u00e9 Anormales, le d\u00e9lai d\u2019ex\u00e9cution des Instructions et des Demandes peut \u00eatre prolong\u00e9.<br \/>Cette divulgation des risques r\u00e9vis\u00e9e vise \u00e0 am\u00e9liorer la clart\u00e9 et la compr\u00e9hension, garantissant que les clients prennent des d\u00e9cisions \u00e9clair\u00e9es dans leurs efforts financiers avec BoerFunded LLC.<br \/><br \/><br \/>Plateforme de n\u00e9gociation et divulgation des risques<br \/><br \/>Plateforme de trading<br \/>Le client reconna\u00eet les conditions suivantes concernant la plateforme de trading :<br \/>Une seule requ\u00eate ou instruction \u00e0 la fois est autoris\u00e9e dans la file d&#039;attente. Les requ\u00eates suivantes sont ignor\u00e9es jusqu&#039;\u00e0 ce que la premi\u00e8re soit ex\u00e9cut\u00e9e, affichant le message \u00ab La commande est verrouill\u00e9e \u00bb.<br \/>La base de donn\u00e9es de cotations du serveur r\u00e9el\/en direct est la seule source fiable d&#039;informations sur le flux de cotations. La base de donn\u00e9es de cotations du terminal client n&#039;est pas fiable en raison de perturbations potentielles dans la connexion entre le terminal client et le serveur.<br \/>La fermeture de la fen\u00eatre de placement\/modification\/suppression d&#039;ordre ou de la fen\u00eatre d&#039;ouverture\/fermeture de position n&#039;annule pas l&#039;instruction ou la demande envoy\u00e9e au Serveur.<br \/>En cas de r\u00e9p\u00e9tition d&#039;une instruction sans r\u00e9ception du r\u00e9sultat de la pr\u00e9c\u00e9dente, le client accepte le risque de r\u00e9aliser deux transactions. Le client peut recevoir dans ce cas un message \u00ab L&#039;ordre est verrouill\u00e9 \u00bb.<br \/>Si un ordre en attente est d\u00e9j\u00e0 ex\u00e9cut\u00e9 et que le client envoie une instruction pour modifier son niveau avec les ordres If-Done, seule l&#039;instruction de modification des niveaux Stop Loss et\/ou Take Profit sur la position d\u00e9clench\u00e9e sera ex\u00e9cut\u00e9e.<br \/><br \/>Communication<br \/>Le client accepte de prendre le risque de pertes financi\u00e8res en raison du retard ou de la non-r\u00e9ception des notifications de la soci\u00e9t\u00e9. Les transmissions de courrier \u00e9lectronique non crypt\u00e9es sont susceptibles d&#039;\u00eatre consult\u00e9es sans autorisation et le client est enti\u00e8rement responsable des risques associ\u00e9s aux messages \u00e9lectroniques internes de la plateforme de trading non livr\u00e9s, qui sont automatiquement supprim\u00e9s dans les trois jours calendaires. Le client est enti\u00e8rement responsable du maintien de la confidentialit\u00e9 des informations re\u00e7ues de la soci\u00e9t\u00e9, tout en reconnaissant le risque de pertes financi\u00e8res caus\u00e9es par l&#039;acc\u00e8s non autoris\u00e9 d&#039;un tiers au compte de trading du client.<br \/>Cas de force majeure<br \/>En cas de Force Majeure, le client accepte le risque de pertes financi\u00e8res.<br \/>Avis d&#039;avertissement sur les risques li\u00e9s aux op\u00e9rations de change<br \/>Cet avis met en \u00e9vidence les risques associ\u00e9s au change :<br \/><br \/>Les clients doivent s\u2019abstenir de n\u00e9gocier ces produits \u00e0 moins de bien comprendre leur nature et l\u2019\u00e9tendue de leur exposition au risque.<br \/>Les clients doivent s\u2019assurer de l\u2019ad\u00e9quation du produit en fonction de leur situation financi\u00e8re et de leur situation financi\u00e8re.<br \/>Diff\u00e9rents instruments impliquent diff\u00e9rents niveaux d\u2019exposition au risque.<br \/>L&#039;effet de levier dans des conditions de trading sur marge peut entra\u00eener des pertes totales sup\u00e9rieures aux fonds d\u00e9pos\u00e9s. Il est recommand\u00e9 de maintenir un niveau de marge non inf\u00e9rieur \u00e0 1 000%.<br \/>Les instruments hautement volatils comportent des risques de pertes et de profits. Les mouvements du march\u00e9 peuvent avoir des effets disproportionn\u00e9s sur les transactions.<br \/>Des probl\u00e8mes de liquidit\u00e9 peuvent survenir avec certains actifs sous-jacents.<br \/>Les transactions \u00e0 terme impliquent des passifs \u00e9ventuels et comportent un degr\u00e9 de risque \u00e9lev\u00e9 en raison de l\u2019effet de levier disponible.<br \/>Cette divulgation compl\u00e8te vise \u00e0 sensibiliser davantage les clients aux risques potentiels associ\u00e9s \u00e0 la plateforme de n\u00e9gociation et aux transactions de change.<br \/><br \/>Divulgation des risques li\u00e9s aux options et aux produits d\u00e9riv\u00e9s<br \/><br \/>N\u00e9gociation d&#039;options<br \/>BoerFunded LLC ne propose explicitement pas d&#039;options de trading binaires.<br \/>Transactions hors bourse sur produits d\u00e9riv\u00e9s<br \/><br \/>Les transactions sur le Forex et les m\u00e9taux pr\u00e9cieux impliquent des transactions hors bourse, qui peuvent pr\u00e9senter des risques plus importants par rapport aux produits d\u00e9riv\u00e9s en bourse.<br \/>L\u2019absence d\u2019un march\u00e9 pour cl\u00f4turer les positions ouvertes et les difficult\u00e9s li\u00e9es \u00e0 la liquidation des positions existantes constituent des risques potentiels.<br \/>La plateforme de trading utilis\u00e9e pour les transactions sur le Forex et les m\u00e9taux pr\u00e9cieux ne r\u00e9pond pas \u00e0 la d\u00e9finition d&#039;une bourse reconnue et ne b\u00e9n\u00e9ficie pas des m\u00eames protections.<br \/><br \/>March\u00e9s \u00e9trangers<br \/>L\u2019engagement sur les march\u00e9s \u00e9trangers comporte divers risques, et la Soci\u00e9t\u00e9 fournira une explication des risques et des protections pertinents sur demande.<br \/>Les fluctuations des taux de change ont un impact sur les b\u00e9n\u00e9fices ou les pertes des transactions sur les march\u00e9s \u00e9trangers.<br \/><br \/>Transactions d&#039;investissement \u00e0 passif conditionnel<br \/>Les transactions d&#039;investissement \u00e0 passif conditionnel sur marge impliquent des paiements p\u00e9riodiques par rapport au prix d&#039;achat, avec une perte totale des fonds d\u00e9pos\u00e9s possible dans le cadre du trading Forex.<br \/>Des fonds suppl\u00e9mentaires peuvent \u00eatre n\u00e9cessaires pour maintenir une position si le march\u00e9 \u00e9volue contre le client.<br \/><br \/>Collat\u00e9ral<br \/>Le traitement des garanties d\u00e9pos\u00e9es en tant que garantie peut varier en fonction du type de transaction et du lieu o\u00f9 elles sont n\u00e9goci\u00e9es.<br \/>Les garanties peuvent perdre leur identit\u00e9 en tant que propri\u00e9t\u00e9 du client, et il est conseill\u00e9 de clarifier le traitement des garanties.<br \/><br \/>Commissions et taxes<br \/>Les clients sont responsables de comprendre et d\u2019\u00eatre conscients de toutes les commissions, frais et implications fiscales associ\u00e9s \u00e0 leurs transactions.<br \/>Les transactions peuvent \u00eatre soumises \u00e0 des taxes et les clients sont responsables de toutes les taxes ou droits en r\u00e9sultant.<br \/><br \/>Suspensions de n\u00e9gociation<br \/>Dans certaines conditions, la liquidation d\u2019une position peut \u00eatre difficile, voire impossible.<br \/>Des mouvements de prix rapides peuvent entra\u00eener des suspensions ou des restrictions de n\u00e9gociation, et le placement d&#039;un Stop Loss peut ne pas limiter efficacement les pertes.<br \/><br \/>Protections de la chambre de compensation<br \/>Bien que de nombreuses bourses garantissent la performance des transactions, cette garantie peut ne pas couvrir le client.<br \/>La Soci\u00e9t\u00e9 doit expliquer toute protection au titre de la garantie de compensation applicable aux produits d\u00e9riv\u00e9s en bourse.<br \/><br \/>Insolvabilit\u00e9<br \/>L&#039;insolvabilit\u00e9 ou le d\u00e9faut de la Soci\u00e9t\u00e9 peut entra\u00eener la liquidation de la position sans le consentement du Client.<br \/>Les garanties d\u00e9pos\u00e9es peuvent perdre leur identit\u00e9 et leur traitement peut varier en fonction du lieu o\u00f9 elles sont n\u00e9goci\u00e9es.<br \/><br \/>Risque li\u00e9 aux tiers<br \/>La Soci\u00e9t\u00e9 peut transf\u00e9rer l\u2019argent du Client \u00e0 un tiers, et la Soci\u00e9t\u00e9 n\u2019assume aucune responsabilit\u00e9 pour les actes ou omissions de ces tiers.<br \/>L\u2019argent des clients peut \u00eatre d\u00e9tenu aupr\u00e8s d\u2019\u00e9tablissements de cr\u00e9dit situ\u00e9s en dehors de l\u2019EEE et les r\u00e8gles bancaires de l\u2019UE peuvent ne pas s\u2019appliquer en cas d\u2019insolvabilit\u00e9.<br \/>La Soci\u00e9t\u00e9 peut d\u00e9poser l&#039;argent du Client aupr\u00e8s d&#039;un d\u00e9positaire qui dispose d&#039;une s\u00fbret\u00e9, d&#039;un privil\u00e8ge ou d&#039;un droit de compensation, et les banques ou courtiers avec lesquels la Soci\u00e9t\u00e9 traite pourraient avoir des int\u00e9r\u00eats contraires \u00e0 ceux du Client.<br \/>Veuillez noter que cette divulgation des risques est fournie conform\u00e9ment \u00e0 la l\u00e9gislation applicable.<br \/><br \/><br \/><br \/><\/p>\t\t\t\t\t\t\t\t<\/div>\n\t\t\t\t<\/div>\n\t\t\t\t<div class=\"elementor-element elementor-element-27937d0 elementor-absolute bg-shapes elementor-widget elementor-widget-image\" data-id=\"27937d0\" data-element_type=\"widget\" data-e-type=\"widget\" data-settings=\"{&quot;_position&quot;:&quot;absolute&quot;}\" data-widget_type=\"image.default\">\n\t\t\t\t<div class=\"elementor-widget-container\">\n\t\t\t\t\t\t\t\t\t\t\t\t\t\t\t<img loading=\"lazy\" decoding=\"async\" width=\"300\" height=\"268\" src=\"https:\/\/boerfunded.com\/wp-content\/uploads\/2024\/03\/grey-radius-4.svg\" class=\"attachment-large size-large wp-image-755\" alt=\"\" \/>\t\t\t\t\t\t\t\t\t\t\t\t\t\t\t<\/div>\n\t\t\t\t<\/div>\n\t\t\t\t\t<\/div>\n\t\t\t\t<\/div>\n\t\t\t\t<\/div>","protected":false},"excerpt":{"rendered":"<p>Divulgation des risques Cet accord, ci-apr\u00e8s d\u00e9nomm\u00e9 \u00ab Divulgation des risques \u00bb, \u00e9tablit l\u2019entente entre BoerFunded LLC et notre estim\u00e9 client. D\u00e9tails de BoerFunded LLC : BoerFunded LLC, reconnue comme \u00ab BoerFunded LLC \u00bb, est officiellement enregistr\u00e9e aupr\u00e8s du D\u00e9partement d\u2019\u00c9tat du Delaware sous le num\u00e9ro d\u2019enregistrement SR 20233790751 \u2013 Num\u00e9ro de dossier 2523132, situ\u00e9e au 8 The Green STE [\u2026]<\/p>","protected":false},"author":4,"featured_media":0,"parent":0,"menu_order":0,"comment_status":"closed","ping_status":"closed","template":"elementor_header_footer","meta":{"om_disable_all_campaigns":false,"_monsterinsights_skip_tracking":false,"_monsterinsights_sitenote_active":false,"_monsterinsights_sitenote_note":"","_monsterinsights_sitenote_category":0,"footnotes":""},"class_list":["post-1840","page","type-page","status-publish","hentry"],"jetpack_sharing_enabled":true,"_links":{"self":[{"href":"https:\/\/boerfunded.com\/fr\/wp-json\/wp\/v2\/pages\/1840","targetHints":{"allow":["GET"]}}],"collection":[{"href":"https:\/\/boerfunded.com\/fr\/wp-json\/wp\/v2\/pages"}],"about":[{"href":"https:\/\/boerfunded.com\/fr\/wp-json\/wp\/v2\/types\/page"}],"author":[{"embeddable":true,"href":"https:\/\/boerfunded.com\/fr\/wp-json\/wp\/v2\/users\/4"}],"replies":[{"embeddable":true,"href":"https:\/\/boerfunded.com\/fr\/wp-json\/wp\/v2\/comments?post=1840"}],"version-history":[{"count":7,"href":"https:\/\/boerfunded.com\/fr\/wp-json\/wp\/v2\/pages\/1840\/revisions"}],"predecessor-version":[{"id":1847,"href":"https:\/\/boerfunded.com\/fr\/wp-json\/wp\/v2\/pages\/1840\/revisions\/1847"}],"wp:attachment":[{"href":"https:\/\/boerfunded.com\/fr\/wp-json\/wp\/v2\/media?parent=1840"}],"curies":[{"name":"wp","href":"https:\/\/api.w.org\/{rel}","templated":true}]}}