{"id":22,"date":"2024-03-13T14:49:17","date_gmt":"2024-03-13T14:49:17","guid":{"rendered":"https:\/\/wordpress-1190786-4386466.cloudwaysapps.com\/?page_id=22"},"modified":"2024-11-08T03:31:30","modified_gmt":"2024-11-08T03:31:30","slug":"about-us","status":"publish","type":"page","link":"https:\/\/boerfunded.com\/fr\/about-us\/","title":{"rendered":"\u00c0 propos de nous"},"content":{"rendered":"<div data-elementor-type=\"wp-page\" data-elementor-id=\"22\" class=\"elementor elementor-22\" data-elementor-post-type=\"page\">\n\t\t\t\t<div class=\"elementor-element elementor-element-ce231c1 e-flex e-con-boxed e-con e-parent\" data-id=\"ce231c1\" data-element_type=\"container\" data-e-type=\"container\" data-settings=\"{&quot;jet_parallax_layout_list&quot;:[]}\">\n\t\t\t\t\t<div class=\"e-con-inner\">\n\t\t<div class=\"elementor-element elementor-element-f13f191 e-con-full e-flex e-con e-child\" data-id=\"f13f191\" data-element_type=\"container\" data-e-type=\"container\" data-settings=\"{&quot;jet_parallax_layout_list&quot;:[]}\">\n\t\t\t\t<div class=\"elementor-element elementor-element-ec449a0 elementor-widget elementor-widget-heading\" data-id=\"ec449a0\" data-element_type=\"widget\" data-e-type=\"widget\" data-widget_type=\"heading.default\">\n\t\t\t\t<div class=\"elementor-widget-container\">\n\t\t\t\t\t<h2 class=\"elementor-heading-title elementor-size-default\">Comment \u00e7a marche<\/h2>\t\t\t\t<\/div>\n\t\t\t\t<\/div>\n\t\t\t\t<\/div>\n\t\t\t\t<div class=\"elementor-element elementor-element-a5be6a2 elementor-absolute bg-shapes elementor-widget elementor-widget-image\" data-id=\"a5be6a2\" data-element_type=\"widget\" data-e-type=\"widget\" data-settings=\"{&quot;_position&quot;:&quot;absolute&quot;}\" data-widget_type=\"image.default\">\n\t\t\t\t<div class=\"elementor-widget-container\">\n\t\t\t\t\t\t\t\t\t\t\t\t\t\t\t<img fetchpriority=\"high\" decoding=\"async\" width=\"300\" height=\"268\" src=\"https:\/\/boerfunded.com\/wp-content\/uploads\/2024\/03\/grey-radius-4.svg\" class=\"attachment-full size-full wp-image-755\" alt=\"\" \/>\t\t\t\t\t\t\t\t\t\t\t\t\t\t\t<\/div>\n\t\t\t\t<\/div>\n\t\t\t\t<div class=\"elementor-element elementor-element-8556be1 elementor-absolute bg-shapes elementor-widget elementor-widget-image\" data-id=\"8556be1\" data-element_type=\"widget\" data-e-type=\"widget\" data-settings=\"{&quot;_position&quot;:&quot;absolute&quot;}\" data-widget_type=\"image.default\">\n\t\t\t\t<div class=\"elementor-widget-container\">\n\t\t\t\t\t\t\t\t\t\t\t\t\t\t\t<img decoding=\"async\" width=\"300\" height=\"268\" src=\"https:\/\/boerfunded.com\/wp-content\/uploads\/2024\/03\/red-radius-4.svg\" class=\"attachment-full size-full wp-image-754\" alt=\"\" \/>\t\t\t\t\t\t\t\t\t\t\t\t\t\t\t<\/div>\n\t\t\t\t<\/div>\n\t\t<div class=\"elementor-element elementor-element-21aaaa1 e-con-full e-flex e-con e-child\" data-id=\"21aaaa1\" data-element_type=\"container\" data-e-type=\"container\" data-settings=\"{&quot;jet_parallax_layout_list&quot;:[]}\">\n\t\t<div class=\"elementor-element elementor-element-e57621e e-con-full bg-blur gt-stroke-color e-flex e-con e-child\" data-id=\"e57621e\" data-element_type=\"container\" data-e-type=\"container\" data-settings=\"{&quot;jet_parallax_layout_list&quot;:[],&quot;background_background&quot;:&quot;classic&quot;}\">\n\t\t<div class=\"elementor-element elementor-element-ada0e8d e-flex e-con-boxed e-con e-child\" data-id=\"ada0e8d\" data-element_type=\"container\" data-e-type=\"container\" data-settings=\"{&quot;background_background&quot;:&quot;classic&quot;,&quot;jet_parallax_layout_list&quot;:[]}\">\n\t\t\t\t\t<div class=\"e-con-inner\">\n\t\t\t\t<div class=\"elementor-element elementor-element-82b39b9 elementor-widget elementor-widget-heading\" data-id=\"82b39b9\" data-element_type=\"widget\" data-e-type=\"widget\" data-widget_type=\"heading.default\">\n\t\t\t\t<div class=\"elementor-widget-container\">\n\t\t\t\t\t<h2 class=\"elementor-heading-title elementor-size-default\">01<\/h2>\t\t\t\t<\/div>\n\t\t\t\t<\/div>\n\t\t\t\t\t<\/div>\n\t\t\t\t<\/div>\n\t\t\t\t<div class=\"elementor-element elementor-element-c8941bc elementor-widget elementor-widget-heading\" data-id=\"c8941bc\" data-element_type=\"widget\" data-e-type=\"widget\" data-widget_type=\"heading.default\">\n\t\t\t\t<div class=\"elementor-widget-container\">\n\t\t\t\t\t<h2 class=\"elementor-heading-title elementor-size-default\">Le d\u00e9fi Phase 1<\/h2>\t\t\t\t<\/div>\n\t\t\t\t<\/div>\n\t\t\t\t<div class=\"elementor-element elementor-element-ee63314 elementor-widget elementor-widget-text-editor\" data-id=\"ee63314\" data-element_type=\"widget\" data-e-type=\"widget\" data-widget_type=\"text-editor.default\">\n\t\t\t\t<div class=\"elementor-widget-container\">\n\t\t\t\t\t\t\t\t\t<p>Un d\u00e9fi Boer est la premi\u00e8re \u00e9tape du processus d&#039;\u00e9valuation. Vous devez r\u00e9ussir cette \u00e9tape pour passer \u00e0 l&#039;\u00e9tape de v\u00e9rification. Prouvez vos comp\u00e9tences en trading et votre discipline dans le respect des objectifs de trading.<\/p>\t\t\t\t\t\t\t\t<\/div>\n\t\t\t\t<\/div>\n\t\t\t\t<\/div>\n\t\t<div class=\"elementor-element elementor-element-a88d451 e-con-full bg-blur  gt-stroke-color e-flex e-con e-child\" data-id=\"a88d451\" data-element_type=\"container\" data-e-type=\"container\" data-settings=\"{&quot;jet_parallax_layout_list&quot;:[],&quot;background_background&quot;:&quot;classic&quot;}\">\n\t\t<div class=\"elementor-element elementor-element-c9ddd51 e-flex e-con-boxed e-con e-child\" data-id=\"c9ddd51\" data-element_type=\"container\" data-e-type=\"container\" data-settings=\"{&quot;background_background&quot;:&quot;classic&quot;,&quot;jet_parallax_layout_list&quot;:[]}\">\n\t\t\t\t\t<div class=\"e-con-inner\">\n\t\t\t\t<div class=\"elementor-element elementor-element-0c4682d elementor-widget elementor-widget-heading\" data-id=\"0c4682d\" data-element_type=\"widget\" data-e-type=\"widget\" data-widget_type=\"heading.default\">\n\t\t\t\t<div class=\"elementor-widget-container\">\n\t\t\t\t\t<h2 class=\"elementor-heading-title elementor-size-default\">02<\/h2>\t\t\t\t<\/div>\n\t\t\t\t<\/div>\n\t\t\t\t\t<\/div>\n\t\t\t\t<\/div>\n\t\t\t\t<div class=\"elementor-element elementor-element-1f9007b elementor-widget elementor-widget-heading\" data-id=\"1f9007b\" data-element_type=\"widget\" data-e-type=\"widget\" data-widget_type=\"heading.default\">\n\t\t\t\t<div class=\"elementor-widget-container\">\n\t\t\t\t\t<h2 class=\"elementor-heading-title elementor-size-default\">Phase de v\u00e9rification 2<\/h2>\t\t\t\t<\/div>\n\t\t\t\t<\/div>\n\t\t\t\t<div class=\"elementor-element elementor-element-04f0bc2 elementor-widget elementor-widget-text-editor\" data-id=\"04f0bc2\" data-element_type=\"widget\" data-e-type=\"widget\" data-widget_type=\"text-editor.default\">\n\t\t\t\t<div class=\"elementor-widget-container\">\n\t\t\t\t\t\t\t\t\t<p>La v\u00e9rification est la deuxi\u00e8me et derni\u00e8re \u00e9tape pour devenir un trader Boer. Une fois que vous avez pass\u00e9 une \u00e9tape de v\u00e9rification et que vos r\u00e9sultats sont v\u00e9rifi\u00e9s, il vous sera propos\u00e9 de trader sur un compte Boer.<\/p>\t\t\t\t\t\t\t\t<\/div>\n\t\t\t\t<\/div>\n\t\t\t\t<\/div>\n\t\t<div class=\"elementor-element elementor-element-a2bc297 e-con-full bg-blur  gt-stroke-color e-flex e-con e-child\" data-id=\"a2bc297\" data-element_type=\"container\" data-e-type=\"container\" data-settings=\"{&quot;jet_parallax_layout_list&quot;:[],&quot;background_background&quot;:&quot;classic&quot;}\">\n\t\t<div class=\"elementor-element elementor-element-85ec784 e-flex e-con-boxed e-con e-child\" data-id=\"85ec784\" data-element_type=\"container\" data-e-type=\"container\" data-settings=\"{&quot;background_background&quot;:&quot;classic&quot;,&quot;jet_parallax_layout_list&quot;:[]}\">\n\t\t\t\t\t<div class=\"e-con-inner\">\n\t\t\t\t<div class=\"elementor-element elementor-element-efcb039 elementor-widget elementor-widget-heading\" data-id=\"efcb039\" data-element_type=\"widget\" data-e-type=\"widget\" data-widget_type=\"heading.default\">\n\t\t\t\t<div class=\"elementor-widget-container\">\n\t\t\t\t\t<h2 class=\"elementor-heading-title elementor-size-default\">03<\/h2>\t\t\t\t<\/div>\n\t\t\t\t<\/div>\n\t\t\t\t\t<\/div>\n\t\t\t\t<\/div>\n\t\t\t\t<div class=\"elementor-element elementor-element-741b6e3 elementor-widget elementor-widget-heading\" data-id=\"741b6e3\" data-element_type=\"widget\" data-e-type=\"widget\" data-widget_type=\"heading.default\">\n\t\t\t\t<div class=\"elementor-widget-container\">\n\t\t\t\t\t<h2 class=\"elementor-heading-title elementor-size-default\">Commer\u00e7ant financ\u00e9 par les Boers<\/h2>\t\t\t\t<\/div>\n\t\t\t\t<\/div>\n\t\t\t\t<div class=\"elementor-element elementor-element-a85a7a6 elementor-widget elementor-widget-text-editor\" data-id=\"a85a7a6\" data-element_type=\"widget\" data-e-type=\"widget\" data-widget_type=\"text-editor.default\">\n\t\t\t\t<div class=\"elementor-widget-container\">\n\t\t\t\t\t\t\t\t\t<p>Vous devenez un trader Boer avec un compte Boer. Tradez de mani\u00e8re responsable et coh\u00e9rente et recevez jusqu&#039;\u00e0 95% de vos b\u00e9n\u00e9fices. Si vous g\u00e9n\u00e9rez r\u00e9guli\u00e8rement des b\u00e9n\u00e9fices sur votre compte Boer, nous pouvons faire \u00e9voluer votre compte selon notre plan de mise \u00e0 l&#039;\u00e9chelle.<\/p>\t\t\t\t\t\t\t\t<\/div>\n\t\t\t\t<\/div>\n\t\t\t\t<\/div>\n\t\t\t\t<\/div>\n\t\t\t\t\t<\/div>\n\t\t\t\t<\/div>\n\t\t<div class=\"elementor-element elementor-element-91ae969 e-flex e-con-boxed e-con e-parent\" data-id=\"91ae969\" data-element_type=\"container\" data-e-type=\"container\" data-settings=\"{&quot;jet_parallax_layout_list&quot;:[]}\">\n\t\t\t\t\t<div class=\"e-con-inner\">\n\t\t<div class=\"elementor-element elementor-element-b1f7aa4 bg-blur  gt-stroke-color e-flex e-con-boxed e-con e-child\" data-id=\"b1f7aa4\" data-element_type=\"container\" data-e-type=\"container\" data-settings=\"{&quot;background_background&quot;:&quot;classic&quot;,&quot;jet_parallax_layout_list&quot;:[]}\">\n\t\t\t\t\t<div class=\"e-con-inner\">\n\t\t\t\t<div class=\"elementor-element elementor-element-8974899 elementor-absolute bg-shapes elementor-widget elementor-widget-image\" data-id=\"8974899\" data-element_type=\"widget\" data-e-type=\"widget\" data-settings=\"{&quot;_position&quot;:&quot;absolute&quot;}\" data-widget_type=\"image.default\">\n\t\t\t\t<div class=\"elementor-widget-container\">\n\t\t\t\t\t\t\t\t\t\t\t\t\t\t\t<img decoding=\"async\" width=\"300\" height=\"268\" src=\"https:\/\/boerfunded.com\/wp-content\/uploads\/2024\/03\/red-radius-4.svg\" class=\"attachment-large size-large wp-image-754\" alt=\"\" \/>\t\t\t\t\t\t\t\t\t\t\t\t\t\t\t<\/div>\n\t\t\t\t<\/div>\n\t\t<div class=\"elementor-element elementor-element-411cb3e e-con-full e-flex e-con e-child\" data-id=\"411cb3e\" data-element_type=\"container\" data-e-type=\"container\" data-settings=\"{&quot;jet_parallax_layout_list&quot;:[]}\">\n\t\t\t\t<div class=\"elementor-element elementor-element-0fb0550 elementor-widget elementor-widget-heading\" data-id=\"0fb0550\" data-element_type=\"widget\" data-e-type=\"widget\" data-widget_type=\"heading.default\">\n\t\t\t\t<div class=\"elementor-widget-container\">\n\t\t\t\t\t<h2 class=\"elementor-heading-title elementor-size-default\">Le\n<span class='text-brand-primary'>Mission<\/span><\/h2>\t\t\t\t<\/div>\n\t\t\t\t<\/div>\n\t\t\t\t<div class=\"elementor-element elementor-element-71f9fe5 elementor-widget elementor-widget-text-editor\" data-id=\"71f9fe5\" data-element_type=\"widget\" data-e-type=\"widget\" data-widget_type=\"text-editor.default\">\n\t\t\t\t<div class=\"elementor-widget-container\">\n\t\t\t\t\t\t\t\t\t<p>Nous nous engageons \u00e0 \u00e9tablir un environnement de trading simul\u00e9 transparent et durable, permettant aux traders en herbe et exp\u00e9riment\u00e9s d&#039;atteindre leurs objectifs. <br \/><br \/>Pour commencer votre parcours avec nous, nous avons mis en place un mod\u00e8le d&#039;inscription payant. Les traders d\u00e9sireux de rejoindre BoerFunded participent \u00e0 un Challenge, mettant en valeur leurs comp\u00e9tences et leur potentiel de r\u00e9ussite. Gr\u00e2ce aux frais de Challenge, nous s\u00e9lectionnons et int\u00e9grons m\u00e9ticuleusement les traders qui ont d\u00e9montr\u00e9 leurs capacit\u00e9s, minimisant ainsi les risques pour les deux parties. <br \/><br \/>Chez BoerFunded, nous proposons un syst\u00e8me de r\u00e9compense complet pour les traders dans le cadre d&#039;une exp\u00e9rience de trading ludique, leur offrant l&#039;opportunit\u00e9 d&#039;apprendre, de s&#039;amuser et de gagner des r\u00e9compenses tout au long de leur parcours de trading ! Nos valeurs fondamentales incluent la transparence, l&#039;innovation et la cr\u00e9ation d&#039;une communaut\u00e9 d&#039;utilisateurs partageant la m\u00eame passion. Dans cette optique, BoerFunded fournit du contenu \u00e9ducatif interne pour garantir \u00e0 chaque utilisateur la possibilit\u00e9 d&#039;exceller.<\/p>\t\t\t\t\t\t\t\t<\/div>\n\t\t\t\t<\/div>\n\t\t\t\t<\/div>\n\t\t<div class=\"elementor-element elementor-element-db59c0a e-con-full e-flex e-con e-child\" data-id=\"db59c0a\" data-element_type=\"container\" data-e-type=\"container\" data-settings=\"{&quot;jet_parallax_layout_list&quot;:[]}\">\n\t\t\t\t<div class=\"elementor-element elementor-element-9732bb2 elementor-widget elementor-widget-image\" data-id=\"9732bb2\" data-element_type=\"widget\" data-e-type=\"widget\" data-widget_type=\"image.default\">\n\t\t\t\t<div class=\"elementor-widget-container\">\n\t\t\t\t\t\t\t\t\t\t\t\t\t\t\t<img loading=\"lazy\" decoding=\"async\" width=\"300\" height=\"309\" src=\"https:\/\/boerfunded.com\/wp-content\/uploads\/2024\/03\/mission-1.png\" class=\"attachment-large size-large wp-image-668\" alt=\"\" srcset=\"https:\/\/boerfunded.com\/wp-content\/uploads\/2024\/03\/mission-1.png 300w, https:\/\/boerfunded.com\/wp-content\/uploads\/2024\/03\/mission-1-291x300.png 291w\" sizes=\"(max-width: 300px) 100vw, 300px\" \/>\t\t\t\t\t\t\t\t\t\t\t\t\t\t\t<\/div>\n\t\t\t\t<\/div>\n\t\t\t\t<\/div>\n\t\t\t\t\t<\/div>\n\t\t\t\t<\/div>\n\t\t<div class=\"elementor-element elementor-element-47914fa bg-blur  gt-stroke-color e-flex e-con-boxed e-con e-child\" data-id=\"47914fa\" data-element_type=\"container\" data-e-type=\"container\" data-settings=\"{&quot;background_background&quot;:&quot;classic&quot;,&quot;jet_parallax_layout_list&quot;:[]}\">\n\t\t\t\t\t<div class=\"e-con-inner\">\n\t\t<div class=\"elementor-element elementor-element-5b4d491 e-con-full e-flex e-con e-child\" data-id=\"5b4d491\" data-element_type=\"container\" data-e-type=\"container\" data-settings=\"{&quot;jet_parallax_layout_list&quot;:[]}\">\n\t\t\t\t<div class=\"elementor-element elementor-element-f72c0cf elementor-widget elementor-widget-image\" data-id=\"f72c0cf\" data-element_type=\"widget\" data-e-type=\"widget\" data-widget_type=\"image.default\">\n\t\t\t\t<div class=\"elementor-widget-container\">\n\t\t\t\t\t\t\t\t\t\t\t\t\t\t\t<img loading=\"lazy\" decoding=\"async\" width=\"302\" height=\"292\" src=\"https:\/\/boerfunded.com\/wp-content\/uploads\/2024\/03\/34525934_514.png\" class=\"attachment-large size-large wp-image-681\" alt=\"\" srcset=\"https:\/\/boerfunded.com\/wp-content\/uploads\/2024\/03\/34525934_514.png 302w, https:\/\/boerfunded.com\/wp-content\/uploads\/2024\/03\/34525934_514-300x290.png 300w\" sizes=\"(max-width: 302px) 100vw, 302px\" \/>\t\t\t\t\t\t\t\t\t\t\t\t\t\t\t<\/div>\n\t\t\t\t<\/div>\n\t\t\t\t<\/div>\n\t\t<div class=\"elementor-element elementor-element-7de1ad7 e-con-full e-flex e-con e-child\" data-id=\"7de1ad7\" data-element_type=\"container\" data-e-type=\"container\" data-settings=\"{&quot;jet_parallax_layout_list&quot;:[]}\">\n\t\t\t\t<div class=\"elementor-element elementor-element-03528e7 elementor-widget elementor-widget-heading\" data-id=\"03528e7\" data-element_type=\"widget\" data-e-type=\"widget\" data-widget_type=\"heading.default\">\n\t\t\t\t<div class=\"elementor-widget-container\">\n\t\t\t\t\t<h2 class=\"elementor-heading-title elementor-size-default\">Le\n<span class='text-brand-primary'>Vision<\/span><\/h2>\t\t\t\t<\/div>\n\t\t\t\t<\/div>\n\t\t\t\t<div class=\"elementor-element elementor-element-d13e435 elementor-widget elementor-widget-text-editor\" data-id=\"d13e435\" data-element_type=\"widget\" data-e-type=\"widget\" data-widget_type=\"text-editor.default\">\n\t\t\t\t<div class=\"elementor-widget-container\">\n\t\t\t\t\t\t\t\t\t<p>Bienvenue chez BoerFunded \u2013 l\u00e0 o\u00f9 les r\u00eaves de trading prennent leur envol ! Notre vision est de favoriser un \u00e9cosyst\u00e8me de trading dynamique et transparent qui r\u00e9pond aux aspirations des traders d\u00e9butants comme exp\u00e9riment\u00e9s. <br \/><br \/>Chez BoerFunded, nous croyons qu&#039;il faut donner aux individus les moyens d&#039;atteindre leurs objectifs financiers gr\u00e2ce \u00e0 un environnement de trading simul\u00e9 durable. Notre engagement en faveur de la transparence et de l&#039;innovation constitue le fondement de notre communaut\u00e9, cr\u00e9ant un espace o\u00f9 les traders peuvent s&#039;\u00e9panouir. <br \/><br \/>Rejoignez-nous chez BoerFunded et explorez un monde o\u00f9 vos aspirations commerciales trouvent le soutien qu&#039;elles m\u00e9ritent. Nous allons au-del\u00e0 du simple trading ; nous cultivons un environnement o\u00f9 chaque utilisateur dispose des outils et des opportunit\u00e9s pour exceller. Bienvenue dans une communaut\u00e9 o\u00f9 vos r\u00eaves de trading ne sont pas seulement envisag\u00e9s mais r\u00e9alis\u00e9s.<\/p>\t\t\t\t\t\t\t\t<\/div>\n\t\t\t\t<\/div>\n\t\t\t\t<\/div>\n\t\t\t\t\t<\/div>\n\t\t\t\t<\/div>\n\t\t<div class=\"elementor-element elementor-element-a425543 bg-blur  gt-stroke-color e-flex e-con-boxed e-con e-child\" data-id=\"a425543\" data-element_type=\"container\" data-e-type=\"container\" data-settings=\"{&quot;background_background&quot;:&quot;classic&quot;,&quot;jet_parallax_layout_list&quot;:[]}\">\n\t\t\t\t\t<div class=\"e-con-inner\">\n\t\t\t\t<div class=\"elementor-element elementor-element-36e31ea elementor-absolute bg-shapes elementor-widget elementor-widget-image\" data-id=\"36e31ea\" data-element_type=\"widget\" data-e-type=\"widget\" data-settings=\"{&quot;_position&quot;:&quot;absolute&quot;}\" data-widget_type=\"image.default\">\n\t\t\t\t<div class=\"elementor-widget-container\">\n\t\t\t\t\t\t\t\t\t\t\t\t\t\t\t<img loading=\"lazy\" decoding=\"async\" width=\"300\" height=\"268\" src=\"https:\/\/boerfunded.com\/wp-content\/uploads\/2024\/03\/grey-radius-4.svg\" class=\"attachment-large size-large wp-image-755\" alt=\"\" \/>\t\t\t\t\t\t\t\t\t\t\t\t\t\t\t<\/div>\n\t\t\t\t<\/div>\n\t\t<div class=\"elementor-element elementor-element-30063e1 e-con-full e-flex e-con e-child\" data-id=\"30063e1\" data-element_type=\"container\" data-e-type=\"container\" data-settings=\"{&quot;jet_parallax_layout_list&quot;:[]}\">\n\t\t\t\t<div class=\"elementor-element elementor-element-c3efdaa elementor-widget elementor-widget-heading\" data-id=\"c3efdaa\" data-element_type=\"widget\" data-e-type=\"widget\" data-widget_type=\"heading.default\">\n\t\t\t\t<div class=\"elementor-widget-container\">\n\t\t\t\t\t<h2 class=\"elementor-heading-title elementor-size-default\">Le\n<span class='text-brand-primary'>Programme<\/span><\/h2>\t\t\t\t<\/div>\n\t\t\t\t<\/div>\n\t\t\t\t<div class=\"elementor-element elementor-element-1e7de9d elementor-widget elementor-widget-text-editor\" data-id=\"1e7de9d\" data-element_type=\"widget\" data-e-type=\"widget\" data-widget_type=\"text-editor.default\">\n\t\t\t\t<div class=\"elementor-widget-container\">\n\t\t\t\t\t\t\t\t\t<p>Rejoindre BoerFunded signifie bien plus que simplement s&#039;affilier \u00e0 une soci\u00e9t\u00e9 prop ; c&#039;est votre cl\u00e9 pour g\u00e9rer efficacement des fonds r\u00e9els importants, avec la possibilit\u00e9 de superviser jusqu&#039;\u00e0 $200 000. Dites adieu aux contraintes de temps et aux r\u00e8gles complexes - chez BoerFunded, nous offrons aux traders une libert\u00e9 in\u00e9gal\u00e9e et une multitude d&#039;opportunit\u00e9s ! Am\u00e9liorez votre exp\u00e9rience de trading en choisissant BoerFunded comme votre principale soci\u00e9t\u00e9 prop.<\/p>\t\t\t\t\t\t\t\t<\/div>\n\t\t\t\t<\/div>\n\t\t\t\t<\/div>\n\t\t<div class=\"elementor-element elementor-element-c361803 e-con-full e-flex e-con e-child\" data-id=\"c361803\" data-element_type=\"container\" data-e-type=\"container\" data-settings=\"{&quot;jet_parallax_layout_list&quot;:[]}\">\n\t\t\t\t<div class=\"elementor-element elementor-element-e1fd487 elementor-widget elementor-widget-image\" data-id=\"e1fd487\" data-element_type=\"widget\" data-e-type=\"widget\" data-widget_type=\"image.default\">\n\t\t\t\t<div class=\"elementor-widget-container\">\n\t\t\t\t\t\t\t\t\t\t\t\t\t\t\t<img loading=\"lazy\" decoding=\"async\" width=\"300\" height=\"249\" src=\"https:\/\/boerfunded.com\/wp-content\/uploads\/2024\/03\/69988469_53.png\" class=\"attachment-large size-large wp-image-682\" alt=\"\" \/>\t\t\t\t\t\t\t\t\t\t\t\t\t\t\t<\/div>\n\t\t\t\t<\/div>\n\t\t\t\t<\/div>\n\t\t\t\t\t<\/div>\n\t\t\t\t<\/div>\n\t\t\t\t\t<\/div>\n\t\t\t\t<\/div>\n\t\t\t\t<\/div>","protected":false},"excerpt":{"rendered":"<p>Comment \u00e7a marche 01 La phase de d\u00e9fi 1 Un d\u00e9fi Boer est la premi\u00e8re \u00e9tape du processus d&#039;\u00e9valuation. Vous devez r\u00e9ussir ici pour passer \u00e0 l&#039;\u00e9tape de v\u00e9rification. Prouvez vos comp\u00e9tences de trading et votre discipline dans le respect des objectifs de trading. 02 Phase de v\u00e9rification 2 Une v\u00e9rification est la deuxi\u00e8me et derni\u00e8re \u00e9tape vers [\u2026]<\/p>","protected":false},"author":4,"featured_media":0,"parent":0,"menu_order":0,"comment_status":"closed","ping_status":"closed","template":"elementor_header_footer","meta":{"om_disable_all_campaigns":false,"_monsterinsights_skip_tracking":false,"_monsterinsights_sitenote_active":false,"_monsterinsights_sitenote_note":"","_monsterinsights_sitenote_category":0,"footnotes":""},"class_list":["post-22","page","type-page","status-publish","hentry"],"jetpack_sharing_enabled":true,"_links":{"self":[{"href":"https:\/\/boerfunded.com\/fr\/wp-json\/wp\/v2\/pages\/22","targetHints":{"allow":["GET"]}}],"collection":[{"href":"https:\/\/boerfunded.com\/fr\/wp-json\/wp\/v2\/pages"}],"about":[{"href":"https:\/\/boerfunded.com\/fr\/wp-json\/wp\/v2\/types\/page"}],"author":[{"embeddable":true,"href":"https:\/\/boerfunded.com\/fr\/wp-json\/wp\/v2\/users\/4"}],"replies":[{"embeddable":true,"href":"https:\/\/boerfunded.com\/fr\/wp-json\/wp\/v2\/comments?post=22"}],"version-history":[{"count":49,"href":"https:\/\/boerfunded.com\/fr\/wp-json\/wp\/v2\/pages\/22\/revisions"}],"predecessor-version":[{"id":2052,"href":"https:\/\/boerfunded.com\/fr\/wp-json\/wp\/v2\/pages\/22\/revisions\/2052"}],"wp:attachment":[{"href":"https:\/\/boerfunded.com\/fr\/wp-json\/wp\/v2\/media?parent=22"}],"curies":[{"name":"wp","href":"https:\/\/api.w.org\/{rel}","templated":true}]}}