{"id":2350,"date":"2024-11-29T05:06:46","date_gmt":"2024-11-29T05:06:46","guid":{"rendered":"https:\/\/boerfunded.com\/?page_id=2350"},"modified":"2024-11-29T05:09:06","modified_gmt":"2024-11-29T05:09:06","slug":"refund-policy","status":"publish","type":"page","link":"https:\/\/boerfunded.com\/fr\/refund-policy\/","title":{"rendered":"Politique de remboursement"},"content":{"rendered":"<div data-elementor-type=\"wp-page\" data-elementor-id=\"2350\" class=\"elementor elementor-2350\" data-elementor-post-type=\"page\">\n\t\t\t\t<div class=\"elementor-element elementor-element-e08de37 e-flex e-con-boxed e-con e-parent\" data-id=\"e08de37\" data-element_type=\"container\" data-e-type=\"container\" data-settings=\"{&quot;jet_parallax_layout_list&quot;:[]}\">\n\t\t\t\t\t<div class=\"e-con-inner\">\n\t\t<div class=\"elementor-element elementor-element-aa52cb9 e-con-full e-flex e-con e-child\" data-id=\"aa52cb9\" data-element_type=\"container\" data-e-type=\"container\" data-settings=\"{&quot;jet_parallax_layout_list&quot;:[]}\">\n\t\t\t\t<div class=\"elementor-element elementor-element-4b09f80 elementor-widget elementor-widget-heading\" data-id=\"4b09f80\" data-element_type=\"widget\" data-e-type=\"widget\" data-widget_type=\"heading.default\">\n\t\t\t\t<div class=\"elementor-widget-container\">\n\t\t\t\t\t<h2 class=\"elementor-heading-title elementor-size-default\">Politique de remboursement<\/h2>\t\t\t\t<\/div>\n\t\t\t\t<\/div>\n\t\t\t\t<\/div>\n\t\t\t\t<div class=\"elementor-element elementor-element-a94fdc9 elementor-absolute bg-shapes elementor-widget elementor-widget-image\" data-id=\"a94fdc9\" data-element_type=\"widget\" data-e-type=\"widget\" data-settings=\"{&quot;_position&quot;:&quot;absolute&quot;}\" data-widget_type=\"image.default\">\n\t\t\t\t<div class=\"elementor-widget-container\">\n\t\t\t\t\t\t\t\t\t\t\t\t\t\t\t<img fetchpriority=\"high\" decoding=\"async\" width=\"300\" height=\"268\" src=\"https:\/\/boerfunded.com\/wp-content\/uploads\/2024\/03\/grey-radius-4.svg\" class=\"attachment-full size-full wp-image-755\" alt=\"\" \/>\t\t\t\t\t\t\t\t\t\t\t\t\t\t\t<\/div>\n\t\t\t\t<\/div>\n\t\t\t\t<div class=\"elementor-element elementor-element-4d26e69 elementor-absolute bg-shapes elementor-widget elementor-widget-image\" data-id=\"4d26e69\" data-element_type=\"widget\" data-e-type=\"widget\" data-settings=\"{&quot;_position&quot;:&quot;absolute&quot;}\" data-widget_type=\"image.default\">\n\t\t\t\t<div class=\"elementor-widget-container\">\n\t\t\t\t\t\t\t\t\t\t\t\t\t\t\t<img decoding=\"async\" width=\"300\" height=\"268\" src=\"https:\/\/boerfunded.com\/wp-content\/uploads\/2024\/03\/red-radius-4.svg\" class=\"attachment-full size-full wp-image-754\" alt=\"\" \/>\t\t\t\t\t\t\t\t\t\t\t\t\t\t\t<\/div>\n\t\t\t\t<\/div>\n\t\t\t\t\t<\/div>\n\t\t\t\t<\/div>\n\t\t<div class=\"elementor-element elementor-element-37c3fba e-flex e-con-boxed e-con e-parent\" data-id=\"37c3fba\" data-element_type=\"container\" data-e-type=\"container\" data-settings=\"{&quot;jet_parallax_layout_list&quot;:[]}\">\n\t\t\t\t\t<div class=\"e-con-inner\">\n\t\t\t\t<div class=\"elementor-element elementor-element-316d70b elementor-absolute bg-shapes elementor-widget elementor-widget-image\" data-id=\"316d70b\" data-element_type=\"widget\" data-e-type=\"widget\" data-settings=\"{&quot;_position&quot;:&quot;absolute&quot;}\" data-widget_type=\"image.default\">\n\t\t\t\t<div class=\"elementor-widget-container\">\n\t\t\t\t\t\t\t\t\t\t\t\t\t\t\t<img decoding=\"async\" width=\"300\" height=\"268\" src=\"https:\/\/boerfunded.com\/wp-content\/uploads\/2024\/03\/red-radius-4.svg\" class=\"attachment-large size-large wp-image-754\" alt=\"\" \/>\t\t\t\t\t\t\t\t\t\t\t\t\t\t\t<\/div>\n\t\t\t\t<\/div>\n\t\t\t\t<div class=\"elementor-element elementor-element-073356f elementor-widget elementor-widget-text-editor\" data-id=\"073356f\" data-element_type=\"widget\" data-e-type=\"widget\" data-widget_type=\"text-editor.default\">\n\t\t\t\t<div class=\"elementor-widget-container\">\n\t\t\t\t\t\t\t\t\t<div class=\"intercom-interblocks-heading intercom-interblocks-align-left\"><h1 id=\"h_d5191a24f2\"><b>Politique de remboursement<\/b><\/h1><\/div><div class=\"intercom-interblocks-paragraph no-margin intercom-interblocks-align-left\"><p>\u00c0 <b>Financ\u00e9 par les Boers<\/b>, nous nous engageons \u00e0 fournir des services exceptionnels et \u00e0 assurer votre satisfaction. Si vous n&#039;\u00eates pas enti\u00e8rement satisfait de votre achat, nous proposons une politique de remboursement compl\u00e8te pour r\u00e9pondre \u00e0 vos pr\u00e9occupations. Veuillez lire attentivement les conditions suivantes pour comprendre vos droits et nos obligations.<\/p><\/div><div class=\"intercom-interblocks-subheading intercom-interblocks-align-left\"><h2 id=\"h_74f38eb70e\"><b>1. Admissibilit\u00e9 aux remboursements<\/b><\/h2><\/div><div class=\"intercom-interblocks-subheading intercom-interblocks-align-left\"><h2 id=\"h_eeed3b167e\"><b>1.1. Admissibilit\u00e9 g\u00e9n\u00e9rale au remboursement<\/b><\/h2><\/div><div class=\"intercom-interblocks-unordered-nested-list\"><ul><li><div class=\"intercom-interblocks-paragraph no-margin intercom-interblocks-align-left\"><p><b>Laps de temps<\/b>:Les demandes de remboursement doivent \u00eatre soumises dans les <b>14 jours<\/b> de votre achat initial ou de l&#039;activation de votre abonnement.<\/p><\/div><\/li><li><div class=\"intercom-interblocks-paragraph no-margin intercom-interblocks-align-left\"><p><b>Services non utilis\u00e9s<\/b>: Les remboursements ne s&#039;appliquent qu&#039;aux services qui n&#039;ont pas \u00e9t\u00e9 utilis\u00e9s ou consomm\u00e9s. Si vous avez acc\u00e9d\u00e9 ou utilis\u00e9 une partie du service, le remboursement <b>sera <\/b>totalement refus\u00e9 en fonction de l&#039;ampleur de l&#039;utilisation.<\/p><\/div><\/li><\/ul><\/div><div class=\"intercom-interblocks-subheading intercom-interblocks-align-left\"><h2 id=\"h_fddb1fff14\"><b>1.2. Formules d&#039;abonnement<\/b><\/h2><\/div><div class=\"intercom-interblocks-unordered-nested-list\"><ul><li><div class=\"intercom-interblocks-paragraph no-margin intercom-interblocks-align-left\"><p><b>N&#039;importe lequel de nos plans d&#039;abonnement ou de d\u00e9fi<\/b>:\u00c9ligible \u00e0 un remboursement complet si demand\u00e9 dans les 14 jours suivant l&#039;achat et qu&#039;aucune utilisation significative n&#039;a eu lieu.<\/p><\/div><\/li><\/ul><\/div><div class=\"intercom-interblocks-subheading intercom-interblocks-align-left\"><h2 id=\"h_1a7e572cda\"><b>1.3. Achats ponctuels<\/b><\/h2><\/div><div class=\"intercom-interblocks-unordered-nested-list\"><ul><li><div class=\"intercom-interblocks-paragraph no-margin intercom-interblocks-align-left\"><p><b>Mat\u00e9riel et ressources de formation<\/b>:Les remboursements sont disponibles dans les 14 jours si les mat\u00e9riaux ne sont pas utilis\u00e9s et non ouverts.<\/p><\/div><\/li><li><div class=\"intercom-interblocks-paragraph no-margin intercom-interblocks-align-left\"><p><b>Services personnalis\u00e9s<\/b>:Les remboursements pour les services personnalis\u00e9s ou sur mesure sont \u00e9valu\u00e9s au cas par cas et<b> ne sera pas remboursable<\/b>.<\/p><\/div><\/li><\/ul><\/div><div class=\"intercom-interblocks-paragraph no-margin intercom-interblocks-align-left\"><p>\u00a0<\/p><\/div><div class=\"intercom-interblocks-subheading intercom-interblocks-align-left\"><h2 id=\"h_de13327b0f\"><b>2. Articles non remboursables<\/b><\/h2><\/div><div class=\"intercom-interblocks-paragraph no-margin intercom-interblocks-align-left\"><p>Certains articles et services ne sont pas remboursables, y compris, mais sans s&#039;y limiter :<\/p><\/div><div class=\"intercom-interblocks-unordered-nested-list\"><ul><li><div class=\"intercom-interblocks-paragraph no-margin intercom-interblocks-align-left\"><p><b>Modules compl\u00e9mentaires personnalis\u00e9s<\/b>:Tous services adapt\u00e9s sp\u00e9cifiquement \u00e0 vos besoins.<\/p><\/div><\/li><li><div class=\"intercom-interblocks-paragraph no-margin intercom-interblocks-align-left\"><p><b>T\u00e9l\u00e9chargements num\u00e9riques<\/b>:Une fois t\u00e9l\u00e9charg\u00e9s, les produits num\u00e9riques ne peuvent pas \u00eatre rembours\u00e9s.<\/p><\/div><\/li><li><div class=\"intercom-interblocks-paragraph no-margin intercom-interblocks-align-left\"><p><b>Abonnements prolong\u00e9s<\/b>: Mises \u00e0 niveau ou extensions d&#039;abonnements existants au-del\u00e0 de l&#039;achat initial.<\/p><\/div><\/li><li><div class=\"intercom-interblocks-paragraph no-margin intercom-interblocks-align-left\"><p><b>Offres promotionnelles<\/b>:Services acquis gr\u00e2ce \u00e0 des remises promotionnelles ou des offres sp\u00e9ciales.<\/p><\/div><\/li><\/ul><\/div><div class=\"intercom-interblocks-paragraph no-margin intercom-interblocks-align-left\"><p>\u00a0<\/p><\/div><div class=\"intercom-interblocks-subheading intercom-interblocks-align-left\"><h2 id=\"h_a58ad68594\"><b>3. Processus de remboursement<\/b><\/h2><\/div><div class=\"intercom-interblocks-subheading intercom-interblocks-align-left\"><h2 id=\"h_3ec5bb0228\"><b>3.1. Comment demander un remboursement<\/b><\/h2><\/div><div class=\"intercom-interblocks-paragraph no-margin intercom-interblocks-align-left\"><p>Pour initier un remboursement, veuillez suivre ces \u00e9tapes\u00a0:<\/p><\/div><div class=\"intercom-interblocks-ordered-nested-list\"><ol><li><div class=\"intercom-interblocks-paragraph no-margin intercom-interblocks-align-left\"><p><b>Contacter le support<\/b>: Envoyez-nous un e-mail \u00e0 <a href=\"mailto:support@boerfunded.com\" target=\"_blank\" rel=\"nofollow noopener noreferrer\">support@boerfunded.com<\/a> avec pour objet \u00ab Demande de remboursement \u00bb.<\/p><\/div><\/li><li><div class=\"intercom-interblocks-paragraph no-margin intercom-interblocks-align-left\"><p><b>Fournir des d\u00e9tails<\/b>:Incluez votre num\u00e9ro de commande, la date d&#039;achat, le service ou le produit que vous souhaitez rembourser et la raison de la demande de remboursement.<\/p><\/div><\/li><li><div class=\"intercom-interblocks-paragraph no-margin intercom-interblocks-align-left\"><p><b>Attendre la confirmation<\/b>:Notre \u00e9quipe d&#039;assistance examinera votre demande et vous r\u00e9pondra dans les plus brefs d\u00e9lais. <b>5 jours ouvrables<\/b> avec les prochaines \u00e9tapes.<\/p><\/div><\/li><\/ol><\/div><div class=\"intercom-interblocks-subheading intercom-interblocks-align-left\"><h2 id=\"h_ee7164e6b2\"><b>3.2. V\u00e9rification<\/b><\/h2><\/div><div class=\"intercom-interblocks-unordered-nested-list\"><ul><li><div class=\"intercom-interblocks-paragraph no-margin intercom-interblocks-align-left\"><p>Nous pouvons exiger des informations suppl\u00e9mentaires pour traiter votre demande de remboursement, comme une preuve d&#039;achat ou une preuve d&#039;utilisation du service.<\/p><\/div><\/li><li><div class=\"intercom-interblocks-paragraph no-margin intercom-interblocks-align-left\"><p>Les demandes de remboursement qui ne sont pas conformes \u00e0 notre politique peuvent \u00eatre refus\u00e9es.<\/p><\/div><\/li><\/ul><\/div><div class=\"intercom-interblocks-subheading intercom-interblocks-align-left\"><h2 id=\"h_e943efe5db\"><b>3.3. Approbation et traitement<\/b><\/h2><\/div><div class=\"intercom-interblocks-unordered-nested-list\"><ul><li><div class=\"intercom-interblocks-paragraph no-margin intercom-interblocks-align-left\"><p>Une fois votre remboursement approuv\u00e9, nous le traiterons en utilisant le mode de paiement d&#039;origine.<\/p><\/div><\/li><li><div class=\"intercom-interblocks-paragraph no-margin intercom-interblocks-align-left\"><p><b>D\u00e9lai de traitement<\/b>:Les remboursements sont g\u00e9n\u00e9ralement trait\u00e9s dans les <b>7 \u00e0 10 jours ouvrables<\/b> apr\u00e8s approbation. Veuillez noter qu&#039;il peut falloir un d\u00e9lai suppl\u00e9mentaire pour que le remboursement apparaisse sur votre compte, en fonction de votre banque ou de votre fournisseur de paiement.<\/p><\/div><\/li><\/ul><\/div><div class=\"intercom-interblocks-subheading intercom-interblocks-align-left\"><h2 id=\"h_686ffc69ec\"><b>4. Annulation des abonnements<\/b><\/h2><\/div><div class=\"intercom-interblocks-paragraph no-margin intercom-interblocks-align-left\"><p>Cependant, notre technologie doit \u00eatre en mesure d&#039;annuler nos produits et\/ou services \u00e0 frais uniques. Cela ne s&#039;applique qu&#039;\u00e0 nos formules d&#039;abonnement mensuel. Vous pouvez annuler votre abonnement \u00e0 tout moment via le tableau de bord de votre compte. Cependant, les annulations ne d\u00e9clenchent pas automatiquement un remboursement, sauf si elles se produisent dans le d\u00e9lai d&#039;\u00e9ligibilit\u00e9 de 14 jours et r\u00e9pondent aux crit\u00e8res de remboursement d\u00e9crits ci-dessus.<\/p><\/div><div class=\"intercom-interblocks-subheading intercom-interblocks-align-left\"><h2 id=\"h_dc908ee2b4\"><b>5.1. Comment annuler<\/b><\/h2><\/div><div class=\"intercom-interblocks-ordered-nested-list\"><ol><li><div class=\"intercom-interblocks-paragraph no-margin intercom-interblocks-align-left\"><p><b>Se connecter<\/b>:Acc\u00e9dez \u00e0 votre compte financ\u00e9 par Boer \u00e0<a href=\"https:\/\/boerfunded.com\/fr\/\" target=\"_blank\" rel=\"nofollow noopener noreferrer\"> boerfunded.com<\/a>.<\/p><\/div><\/li><li><div class=\"intercom-interblocks-paragraph no-margin intercom-interblocks-align-left\"><p><b>Acc\u00e9der \u00e0 la facturation<\/b>:Acc\u00e9dez \u00e0 la section \u00ab Facturation \u00bb dans les param\u00e8tres de votre compte.<\/p><\/div><\/li><li><div class=\"intercom-interblocks-paragraph no-margin intercom-interblocks-align-left\"><p><b>Annuler l&#039;abonnement<\/b>:S\u00e9lectionnez l\u2019option pour annuler votre abonnement actuel.<\/p><\/div><\/li><li><div class=\"intercom-interblocks-paragraph no-margin intercom-interblocks-align-left\"><p><b>Confirmation<\/b>:Vous recevrez un e-mail de confirmation une fois votre abonnement annul\u00e9 avec succ\u00e8s.<\/p><\/div><\/li><\/ol><\/div><div class=\"intercom-interblocks-paragraph no-margin intercom-interblocks-align-left\"><p>\u00a0<\/p><\/div><div class=\"intercom-interblocks-paragraph no-margin intercom-interblocks-align-left\"><p>\u00a0<\/p><\/div><div class=\"intercom-interblocks-subheading intercom-interblocks-align-left\"><h2 id=\"h_42691e3670\"><b>5. Exceptions et circonstances sp\u00e9ciales<\/b><\/h2><\/div><div class=\"intercom-interblocks-unordered-nested-list\"><ul><li><div class=\"intercom-interblocks-paragraph no-margin intercom-interblocks-align-left\"><p><b>Force majeure<\/b>:Les remboursements peuvent \u00eatre refus\u00e9s en cas de force majeure, y compris les catastrophes naturelles, la guerre ou d&#039;autres \u00e9v\u00e9nements ind\u00e9pendants de notre volont\u00e9.<\/p><\/div><\/li><li><div class=\"intercom-interblocks-paragraph no-margin intercom-interblocks-align-left\"><p><b>Exigences l\u00e9gales<\/b>:Les remboursements seront trait\u00e9s conform\u00e9ment aux lois et r\u00e9glementations en vigueur. Dans les juridictions o\u00f9 certaines conditions non remboursables sont interdites, ces conditions seront ajust\u00e9es pour se conformer aux lois locales.<\/p><\/div><\/li><\/ul><\/div><div class=\"intercom-interblocks-subheading intercom-interblocks-align-left\"><h2 id=\"h_e882d6528c\"><b>6. R\u00e9solution des litiges<\/b><\/h2><\/div><div class=\"intercom-interblocks-paragraph no-margin intercom-interblocks-align-left\"><p>Si vous n&#039;\u00eates pas d&#039;accord avec notre d\u00e9cision de remboursement, vous pouvez :<\/p><\/div><div class=\"intercom-interblocks-unordered-nested-list\"><ul><li><div class=\"intercom-interblocks-paragraph no-margin intercom-interblocks-align-left\"><p><b>Contactez-nous<\/b>:Contactez notre \u00e9quipe d&#039;assistance \u00e0 <a href=\"mailto:support@boerfunded.com\" target=\"_blank\" rel=\"nofollow noopener noreferrer\">support@boerfunded.com<\/a> pour plus de pr\u00e9cisions ou pour fournir des informations compl\u00e9mentaires.<\/p><\/div><\/li><li><div class=\"intercom-interblocks-paragraph no-margin intercom-interblocks-align-left\"><p><b>Demander une m\u00e9diation<\/b>:Participer \u00e0 la m\u00e9diation ou \u00e0 des m\u00e9thodes alternatives de r\u00e9solution des conflits convenues d\u2019un commun accord.<\/p><\/div><\/li><\/ul><\/div><div class=\"intercom-interblocks-subheading intercom-interblocks-align-left\"><h2 id=\"h_a956cb8ef4\"><b>7. Modifications de la politique de remboursement<\/b><\/h2><\/div><div class=\"intercom-interblocks-paragraph no-margin intercom-interblocks-align-left\"><p>Nous nous r\u00e9servons le droit de modifier cette politique de remboursement \u00e0 tout moment. Toute modification entrera en vigueur imm\u00e9diatement apr\u00e8s sa publication sur notre site Web. Nous vous encourageons \u00e0 consulter r\u00e9guli\u00e8rement cette politique pour rester inform\u00e9 de nos pratiques de remboursement.<\/p><\/div>\t\t\t\t\t\t\t\t<\/div>\n\t\t\t\t<\/div>\n\t\t\t\t<div class=\"elementor-element elementor-element-27937d0 elementor-absolute bg-shapes elementor-widget elementor-widget-image\" data-id=\"27937d0\" data-element_type=\"widget\" data-e-type=\"widget\" data-settings=\"{&quot;_position&quot;:&quot;absolute&quot;}\" data-widget_type=\"image.default\">\n\t\t\t\t<div class=\"elementor-widget-container\">\n\t\t\t\t\t\t\t\t\t\t\t\t\t\t\t<img loading=\"lazy\" decoding=\"async\" width=\"300\" height=\"268\" src=\"https:\/\/boerfunded.com\/wp-content\/uploads\/2024\/03\/grey-radius-4.svg\" class=\"attachment-large size-large wp-image-755\" alt=\"\" \/>\t\t\t\t\t\t\t\t\t\t\t\t\t\t\t<\/div>\n\t\t\t\t<\/div>\n\t\t\t\t\t<\/div>\n\t\t\t\t<\/div>\n\t\t\t\t<\/div>","protected":false},"excerpt":{"rendered":"<p>Refund Policy Refund Policy At Boer Funded, we are committed to providing exceptional services and ensuring your satisfaction. If you are not entirely happy with your purchase, we offer a comprehensive refund policy to address your concerns. Please read the following terms carefully to understand your rights and our obligations. 1. Eligibility for Refunds 1.1. [&hellip;]<\/p>","protected":false},"author":4,"featured_media":0,"parent":0,"menu_order":0,"comment_status":"closed","ping_status":"closed","template":"elementor_header_footer","meta":{"om_disable_all_campaigns":false,"_monsterinsights_skip_tracking":false,"_monsterinsights_sitenote_active":false,"_monsterinsights_sitenote_note":"","_monsterinsights_sitenote_category":0,"footnotes":""},"class_list":["post-2350","page","type-page","status-publish","hentry"],"jetpack_sharing_enabled":true,"_links":{"self":[{"href":"https:\/\/boerfunded.com\/fr\/wp-json\/wp\/v2\/pages\/2350","targetHints":{"allow":["GET"]}}],"collection":[{"href":"https:\/\/boerfunded.com\/fr\/wp-json\/wp\/v2\/pages"}],"about":[{"href":"https:\/\/boerfunded.com\/fr\/wp-json\/wp\/v2\/types\/page"}],"author":[{"embeddable":true,"href":"https:\/\/boerfunded.com\/fr\/wp-json\/wp\/v2\/users\/4"}],"replies":[{"embeddable":true,"href":"https:\/\/boerfunded.com\/fr\/wp-json\/wp\/v2\/comments?post=2350"}],"version-history":[{"count":6,"href":"https:\/\/boerfunded.com\/fr\/wp-json\/wp\/v2\/pages\/2350\/revisions"}],"predecessor-version":[{"id":2356,"href":"https:\/\/boerfunded.com\/fr\/wp-json\/wp\/v2\/pages\/2350\/revisions\/2356"}],"wp:attachment":[{"href":"https:\/\/boerfunded.com\/fr\/wp-json\/wp\/v2\/media?parent=2350"}],"curies":[{"name":"wp","href":"https:\/\/api.w.org\/{rel}","templated":true}]}}