{"id":28,"date":"2024-03-13T14:50:03","date_gmt":"2024-03-13T14:50:03","guid":{"rendered":"https:\/\/wordpress-1190786-4386466.cloudwaysapps.com\/?page_id=28"},"modified":"2024-03-16T08:51:06","modified_gmt":"2024-03-16T08:51:06","slug":"privacy-policy","status":"publish","type":"page","link":"https:\/\/boerfunded.com\/fr\/privacy-policy\/","title":{"rendered":"politique de confidentialit\u00e9"},"content":{"rendered":"<div data-elementor-type=\"wp-page\" data-elementor-id=\"28\" class=\"elementor elementor-28\" data-elementor-post-type=\"page\">\n\t\t\t\t<div class=\"elementor-element elementor-element-f0a8a0d e-flex e-con-boxed e-con e-parent\" data-id=\"f0a8a0d\" data-element_type=\"container\" data-e-type=\"container\" data-settings=\"{&quot;jet_parallax_layout_list&quot;:[]}\">\n\t\t\t\t\t<div class=\"e-con-inner\">\n\t\t<div class=\"elementor-element elementor-element-dd09b7b e-con-full e-flex e-con e-child\" data-id=\"dd09b7b\" data-element_type=\"container\" data-e-type=\"container\" data-settings=\"{&quot;jet_parallax_layout_list&quot;:[]}\">\n\t\t\t\t<div class=\"elementor-element elementor-element-de8109e elementor-widget elementor-widget-heading\" data-id=\"de8109e\" data-element_type=\"widget\" data-e-type=\"widget\" data-widget_type=\"heading.default\">\n\t\t\t\t<div class=\"elementor-widget-container\">\n\t\t\t\t\t<h2 class=\"elementor-heading-title elementor-size-default\">politique de confidentialit\u00e9<\/h2>\t\t\t\t<\/div>\n\t\t\t\t<\/div>\n\t\t\t\t<\/div>\n\t\t\t\t<div class=\"elementor-element elementor-element-e5e7216 elementor-absolute bg-shapes elementor-widget elementor-widget-image\" data-id=\"e5e7216\" data-element_type=\"widget\" data-e-type=\"widget\" data-settings=\"{&quot;_position&quot;:&quot;absolute&quot;}\" data-widget_type=\"image.default\">\n\t\t\t\t<div class=\"elementor-widget-container\">\n\t\t\t\t\t\t\t\t\t\t\t\t\t\t\t<img fetchpriority=\"high\" decoding=\"async\" width=\"300\" height=\"268\" src=\"https:\/\/boerfunded.com\/wp-content\/uploads\/2024\/03\/grey-radius-4.svg\" class=\"attachment-full size-full wp-image-755\" alt=\"\" \/>\t\t\t\t\t\t\t\t\t\t\t\t\t\t\t<\/div>\n\t\t\t\t<\/div>\n\t\t\t\t<div class=\"elementor-element elementor-element-f03f99e elementor-absolute bg-shapes elementor-widget elementor-widget-image\" data-id=\"f03f99e\" data-element_type=\"widget\" data-e-type=\"widget\" data-settings=\"{&quot;_position&quot;:&quot;absolute&quot;}\" data-widget_type=\"image.default\">\n\t\t\t\t<div class=\"elementor-widget-container\">\n\t\t\t\t\t\t\t\t\t\t\t\t\t\t\t<img decoding=\"async\" width=\"300\" height=\"268\" src=\"https:\/\/boerfunded.com\/wp-content\/uploads\/2024\/03\/red-radius-4.svg\" class=\"attachment-full size-full wp-image-754\" alt=\"\" \/>\t\t\t\t\t\t\t\t\t\t\t\t\t\t\t<\/div>\n\t\t\t\t<\/div>\n\t\t\t\t\t<\/div>\n\t\t\t\t<\/div>\n\t\t<div class=\"elementor-element elementor-element-c7770e5 e-flex e-con-boxed e-con e-parent\" data-id=\"c7770e5\" data-element_type=\"container\" data-e-type=\"container\" data-settings=\"{&quot;jet_parallax_layout_list&quot;:[]}\">\n\t\t\t\t\t<div class=\"e-con-inner\">\n\t\t\t\t<div class=\"elementor-element elementor-element-047d8c4 elementor-widget elementor-widget-text-editor\" data-id=\"047d8c4\" data-element_type=\"widget\" data-e-type=\"widget\" data-widget_type=\"text-editor.default\">\n\t\t\t\t<div class=\"elementor-widget-container\">\n\t\t\t\t\t\t\t\t\t<p><strong>**Derni\u00e8re mise \u00e0 jour : [1er janvier 2024]**<\/strong> <br \/><br \/>BoerFunded s&#039;engage \u00e0 prot\u00e9ger la confidentialit\u00e9 de ses utilisateurs. Cette politique de confidentialit\u00e9 d\u00e9crit la mani\u00e8re dont nous collectons, utilisons et prot\u00e9geons vos informations personnelles lorsque vous utilisez notre plateforme de trading. <br \/><br \/><strong>### Informations que nous collectons<\/strong> <br \/><br \/>1. **Informations sur le compte\u00a0:** lorsque vous cr\u00e9ez un compte sur BoerFunded, nous collectons des informations personnelles telles que votre nom, votre adresse e-mail et vos coordonn\u00e9es. <br \/><br \/>2. **Informations commerciales\u00a0:** nous pouvons collecter des donn\u00e9es li\u00e9es \u00e0 vos activit\u00e9s commerciales sur BoerFunded, notamment l&#039;historique des transactions, les soldes des comptes et les pr\u00e9f\u00e9rences de trading. <br \/><br \/>3. **Informations sur l&#039;appareil\u00a0:** nous pouvons collecter des informations sur les appareils que vous utilisez pour acc\u00e9der \u00e0 BoerFunded, y compris les adresses IP, les types de navigateur et les syst\u00e8mes d&#039;exploitation. <br \/><br \/><strong>### Comment nous utilisons vos informations<\/strong> <br \/><br \/>1. **Pour fournir des services\u00a0:** nous utilisons vos informations personnelles pour cr\u00e9er et g\u00e9rer votre compte BoerFunded, traiter les transactions et vous fournir nos services de plateforme de trading. <br \/><br \/>2. **S\u00e9curit\u00e9 et pr\u00e9vention de la fraude\u00a0:** nous utilisons les informations pour surveiller et am\u00e9liorer la s\u00e9curit\u00e9 de notre plateforme, d\u00e9tecter et pr\u00e9venir les activit\u00e9s frauduleuses et prot\u00e9ger l&#039;int\u00e9grit\u00e9 des comptes de nos utilisateurs. <br \/><br \/>3. **Support client\u00a0:** nous pouvons utiliser vos informations pour r\u00e9pondre \u00e0 vos demandes, fournir un support client et r\u00e9soudre tout probl\u00e8me que vous pourriez rencontrer lors de l&#039;utilisation de BoerFunded. <br \/><br \/><strong>### Partage d&#039;informations<\/strong> <br \/><br \/>Nous ne vendons, n&#039;\u00e9changeons ni ne transf\u00e9rons vos informations personnelles \u00e0 des tiers sans votre consentement, sauf comme d\u00e9crit dans la pr\u00e9sente politique de confidentialit\u00e9 ou comme requis par la loi. <br \/><br \/>1. **Fournisseurs de services\u00a0:** nous pouvons partager vos informations avec des fournisseurs de services tiers qui nous aident \u00e0 fournir et \u00e0 maintenir notre plateforme de trading. <br \/><br \/>2. **Conformit\u00e9 l\u00e9gale\u00a0:** nous pouvons divulguer vos informations comme l&#039;exige la loi, en r\u00e9ponse \u00e0 des proc\u00e9dures l\u00e9gales ou pour prot\u00e9ger nos droits. <br \/><br \/><strong>### Vos choix<\/strong> <br \/><br \/>1. **Informations sur le compte\u00a0:** Vous pouvez consulter et mettre \u00e0 jour les informations de votre compte en vous connectant \u00e0 votre compte BoerFunded. <br \/><br \/>2. **Pr\u00e9f\u00e9rences de communication\u00a0:** vous pouvez choisir de vous d\u00e9sinscrire des e-mails promotionnels et des notifications en ajustant vos pr\u00e9f\u00e9rences de communication dans les param\u00e8tres de votre compte. <br \/><br \/><strong>### S\u00e9curit\u00e9 <\/strong><br \/><br \/>Nous mettons en \u0153uvre des mesures de s\u00e9curit\u00e9 conformes aux normes de l\u2019industrie pour prot\u00e9ger vos informations personnelles contre tout acc\u00e8s, divulgation, alt\u00e9ration et destruction non autoris\u00e9s. <br \/><br \/><strong>### Modifications apport\u00e9es \u00e0 cette politique de confidentialit\u00e9<\/strong> <br \/><br \/>BoerFunded se r\u00e9serve le droit de mettre \u00e0 jour ou de modifier cette politique de confidentialit\u00e9 \u00e0 tout moment. Nous informerons les utilisateurs de tout changement important via la plateforme ou par e-mail. <br \/><br \/><strong>### Contactez-nous<\/strong> <br \/><br \/>Si vous avez des questions ou des pr\u00e9occupations concernant cette politique de confidentialit\u00e9, veuillez nous contacter \u00e0 [support@boerfunded.com].<\/p>\t\t\t\t\t\t\t\t<\/div>\n\t\t\t\t<\/div>\n\t\t\t\t<div class=\"elementor-element elementor-element-d7251ad elementor-absolute bg-shapes elementor-widget elementor-widget-image\" data-id=\"d7251ad\" data-element_type=\"widget\" data-e-type=\"widget\" data-settings=\"{&quot;_position&quot;:&quot;absolute&quot;}\" data-widget_type=\"image.default\">\n\t\t\t\t<div class=\"elementor-widget-container\">\n\t\t\t\t\t\t\t\t\t\t\t\t\t\t\t<img decoding=\"async\" width=\"300\" height=\"268\" src=\"https:\/\/boerfunded.com\/wp-content\/uploads\/2024\/03\/red-radius-4.svg\" class=\"attachment-large size-large wp-image-754\" alt=\"\" \/>\t\t\t\t\t\t\t\t\t\t\t\t\t\t\t<\/div>\n\t\t\t\t<\/div>\n\t\t\t\t<div class=\"elementor-element elementor-element-3d107ca elementor-absolute bg-shapes elementor-widget elementor-widget-image\" data-id=\"3d107ca\" data-element_type=\"widget\" data-e-type=\"widget\" data-settings=\"{&quot;_position&quot;:&quot;absolute&quot;}\" data-widget_type=\"image.default\">\n\t\t\t\t<div class=\"elementor-widget-container\">\n\t\t\t\t\t\t\t\t\t\t\t\t\t\t\t<img loading=\"lazy\" decoding=\"async\" width=\"300\" height=\"268\" src=\"https:\/\/boerfunded.com\/wp-content\/uploads\/2024\/03\/grey-radius-4.svg\" class=\"attachment-large size-large wp-image-755\" alt=\"\" \/>\t\t\t\t\t\t\t\t\t\t\t\t\t\t\t<\/div>\n\t\t\t\t<\/div>\n\t\t\t\t\t<\/div>\n\t\t\t\t<\/div>\n\t\t\t\t<\/div>","protected":false},"excerpt":{"rendered":"<p>Politique de confidentialit\u00e9 **Derni\u00e8re mise \u00e0 jour : [1er janvier 2024]** BoerFunded s&#039;engage \u00e0 prot\u00e9ger la confidentialit\u00e9 de ses utilisateurs. Cette politique de confidentialit\u00e9 d\u00e9crit comment nous collectons, utilisons et prot\u00e9geons vos informations personnelles lorsque vous utilisez notre plateforme de trading. ### Informations que nous collectons 1. **Informations sur le compte\u00a0:** Lorsque vous cr\u00e9ez un compte sur BoerFunded, nous collectons des informations personnelles telles que [\u2026]<\/p>","protected":false},"author":4,"featured_media":0,"parent":0,"menu_order":0,"comment_status":"closed","ping_status":"closed","template":"elementor_header_footer","meta":{"om_disable_all_campaigns":false,"_monsterinsights_skip_tracking":false,"_monsterinsights_sitenote_active":false,"_monsterinsights_sitenote_note":"","_monsterinsights_sitenote_category":0,"footnotes":""},"class_list":["post-28","page","type-page","status-publish","hentry"],"jetpack_sharing_enabled":true,"_links":{"self":[{"href":"https:\/\/boerfunded.com\/fr\/wp-json\/wp\/v2\/pages\/28","targetHints":{"allow":["GET"]}}],"collection":[{"href":"https:\/\/boerfunded.com\/fr\/wp-json\/wp\/v2\/pages"}],"about":[{"href":"https:\/\/boerfunded.com\/fr\/wp-json\/wp\/v2\/types\/page"}],"author":[{"embeddable":true,"href":"https:\/\/boerfunded.com\/fr\/wp-json\/wp\/v2\/users\/4"}],"replies":[{"embeddable":true,"href":"https:\/\/boerfunded.com\/fr\/wp-json\/wp\/v2\/comments?post=28"}],"version-history":[{"count":7,"href":"https:\/\/boerfunded.com\/fr\/wp-json\/wp\/v2\/pages\/28\/revisions"}],"predecessor-version":[{"id":910,"href":"https:\/\/boerfunded.com\/fr\/wp-json\/wp\/v2\/pages\/28\/revisions\/910"}],"wp:attachment":[{"href":"https:\/\/boerfunded.com\/fr\/wp-json\/wp\/v2\/media?parent=28"}],"curies":[{"name":"wp","href":"https:\/\/api.w.org\/{rel}","templated":true}]}}